{"id":40575,"date":"2025-06-23T09:54:13","date_gmt":"2025-06-23T08:54:13","guid":{"rendered":"https:\/\/www.motorjournal.cz\/?post_type=product&#038;p=40575"},"modified":"2025-11-04T15:23:51","modified_gmt":"2025-11-04T14:23:51","slug":"jak-se-stanu-dobrym-soferem","status":"publish","type":"product","link":"https:\/\/www.motorjournal.cz\/en\/product\/jak-se-stanu-dobrym-soferem\/","title":{"rendered":"How do I become a good driver?"},"content":{"rendered":"<p>A handbook for car and motorcycle drivers. Contains advice and recommendations for maintenance and driving, including instructions for traveling around the Czech Republic. Many period advertisements from the golden age of Czechoslovak motoring. Second edition.<\/p>\n<p>Year of publication: 1928<br \/>\nPublisher: Vojt\u011bch \u0160eba<br \/>\nBinding: sewn in hardcover<br \/>\nFormat: 120 x 170 mm<br \/>\nNumber of pages: 287<br \/>\nCondition: very good<\/p>","protected":false},"excerpt":{"rendered":"<p>author: Dr. Ing. I. Ku\u010dera<\/p>","protected":false},"featured_media":40576,"template":"","meta":{"kt_blocks_editor_width":"","_kad_blocks_custom_css":"","_kad_blocks_head_custom_js":"","_kad_blocks_body_custom_js":"","_kad_blocks_footer_custom_js":""},"product_brand":[],"product_cat":[317,347],"product_tag":[230,222,352,569,858,854,390,847,353,742,857,536,223,511,859,855,224,856,219,378,853,232],"class_list":{"0":"post-40575","1":"product","2":"type-product","3":"status-publish","4":"has-post-thumbnail","6":"product_cat-antikvariat","7":"product_cat-antikvariat-knihy","8":"product_tag-z","9":"product_tag-aero","10":"product_tag-automobily","11":"product_tag-berliet","12":"product_tag-calthorpe","13":"product_tag-elka","14":"product_tag-ford","15":"product_tag-hupmobile","16":"product_tag-motocykly","17":"product_tag-motosacoche","18":"product_tag-nash","19":"product_tag-packard","20":"product_tag-praga","21":"product_tag-rudge","22":"product_tag-sarolea","23":"product_tag-scintilla","24":"product_tag-skoda","25":"product_tag-solex","26":"product_tag-tatra","27":"product_tag-ucebnice","28":"product_tag-uhlik","29":"product_tag-walter","31":"first","32":"instock","33":"sale","34":"taxable","35":"shipping-taxable","36":"purchasable","37":"product-type-simple"},"supplier_id":null,"supplier_sku":"","barcode":null,"atum_controlled":false,"out_stock_date":null,"out_stock_threshold":null,"inheritable":false,"inbound_stock":null,"stock_on_hold":0,"sold_today":0,"sales_last_days":0,"reserved_stock":null,"customer_returns":null,"warehouse_damage":null,"lost_in_post":null,"other_logs":null,"out_stock_days":0,"lost_sales":0,"has_location":false,"update_date":"2026-04-04T00:06:15","atum_locations":[],"atum_stock_status":"instock","restock_status":false,"low_stock_amount":"","sales_update_date":"2026-04-04T00:06:15","calc_backorders":null,"aioseo_notices":[],"taxonomy_info":{"product_cat":[{"value":317,"label":"Antikvari\u00e1t"},{"value":347,"label":"Antikvari\u00e1t knihy"}],"product_tag":[{"value":230,"label":"\"Z\""},{"value":222,"label":"Aero"},{"value":352,"label":"Automobily"},{"value":569,"label":"Berliet"},{"value":858,"label":"Calthorpe"},{"value":854,"label":"Elka"},{"value":390,"label":"Ford"},{"value":847,"label":"Hupmobile"},{"value":353,"label":"Motocykly"},{"value":742,"label":"Motosacoche"},{"value":857,"label":"Nash"},{"value":536,"label":"Packard"},{"value":223,"label":"Praga"},{"value":511,"label":"Rudge"},{"value":859,"label":"Sarolea"},{"value":855,"label":"Scintilla"},{"value":224,"label":"\u0160koda"},{"value":856,"label":"Solex"},{"value":219,"label":"Tatra"},{"value":378,"label":"u\u010debnice"},{"value":853,"label":"Uhl\u00edk"},{"value":232,"label":"Walter"}]},"featured_image_src_large":["https:\/\/www.motorjournal.cz\/wp-content\/uploads\/2025\/06\/A1209_jaksestanu-1-677x1024.jpg",677,1024,true],"author_info":[],"comment_info":"","_links":{"self":[{"href":"https:\/\/www.motorjournal.cz\/en\/wp-json\/wp\/v2\/product\/40575","targetHints":{"allow":["GET"]}}],"collection":[{"href":"https:\/\/www.motorjournal.cz\/en\/wp-json\/wp\/v2\/product"}],"about":[{"href":"https:\/\/www.motorjournal.cz\/en\/wp-json\/wp\/v2\/types\/product"}],"wp:featuredmedia":[{"embeddable":true,"href":"https:\/\/www.motorjournal.cz\/en\/wp-json\/wp\/v2\/media\/40576"}],"wp:attachment":[{"href":"https:\/\/www.motorjournal.cz\/en\/wp-json\/wp\/v2\/media?parent=40575"}],"wp:term":[{"taxonomy":"product_brand","embeddable":true,"href":"https:\/\/www.motorjournal.cz\/en\/wp-json\/wp\/v2\/product_brand?post=40575"},{"taxonomy":"product_cat","embeddable":true,"href":"https:\/\/www.motorjournal.cz\/en\/wp-json\/wp\/v2\/product_cat?post=40575"},{"taxonomy":"product_tag","embeddable":true,"href":"https:\/\/www.motorjournal.cz\/en\/wp-json\/wp\/v2\/product_tag?post=40575"}],"curies":[{"name":"wp","href":"https:\/\/api.w.org\/{rel}","templated":true}]}}