{"id":40582,"date":"2025-06-23T10:12:35","date_gmt":"2025-06-23T09:12:35","guid":{"rendered":"https:\/\/www.motorjournal.cz\/?post_type=product&#038;p=40582"},"modified":"2025-11-04T15:23:50","modified_gmt":"2025-11-04T14:23:50","slug":"automobil-a-jeho-obsluha-2","status":"publish","type":"product","link":"https:\/\/www.motorjournal.cz\/en\/product\/automobil-a-jeho-obsluha-2\/","title":{"rendered":"The car and its service"},"content":{"rendered":"<p><span class=\"end_text et_96375\"><span class=\"end_text et_15735\"><span class=\"start_text\">A popular guide for motorists and car enthusiasts. Ninth revised edition<br \/>\n<\/span><\/span><\/span><\/p>\n<p>Year of publication: 1929<br \/>\nPublisher: E. Weinfurter<br \/>\nBinding: sewn in hardcover<br \/>\nFormat: 130 x 185 mm<br \/>\nNumber of pages: 380<br \/>\nCondition: worn from use<\/p>","protected":false},"excerpt":{"rendered":"<p>author: Franti\u0161ek Kec, Franti\u0161ek Mal\u00fd<\/p>","protected":false},"featured_media":40583,"template":"","meta":{"kt_blocks_editor_width":"","_kad_blocks_custom_css":"","_kad_blocks_head_custom_js":"","_kad_blocks_body_custom_js":"","_kad_blocks_footer_custom_js":""},"product_brand":[],"product_cat":[317,347],"product_tag":[352,422,224,219,378],"class_list":{"0":"post-40582","1":"product","2":"type-product","3":"status-publish","4":"has-post-thumbnail","6":"product_cat-antikvariat","7":"product_cat-antikvariat-knihy","8":"product_tag-automobily","9":"product_tag-prislusenstvi","10":"product_tag-skoda","11":"product_tag-tatra","12":"product_tag-ucebnice","14":"first","15":"instock","16":"sale","17":"taxable","18":"shipping-taxable","19":"purchasable","20":"product-type-simple"},"supplier_id":null,"supplier_sku":"","barcode":null,"atum_controlled":false,"out_stock_date":"2025-06-23 10:12:35","out_stock_threshold":null,"inheritable":false,"inbound_stock":null,"stock_on_hold":0,"sold_today":0,"sales_last_days":0,"reserved_stock":null,"customer_returns":null,"warehouse_damage":null,"lost_in_post":null,"other_logs":null,"out_stock_days":285,"lost_sales":0,"has_location":false,"update_date":"2026-04-05T00:06:33","atum_locations":[],"atum_stock_status":"instock","restock_status":false,"low_stock_amount":"","sales_update_date":"2026-04-05T00:06:33","calc_backorders":null,"aioseo_notices":[],"taxonomy_info":{"product_cat":[{"value":317,"label":"Antikvari\u00e1t"},{"value":347,"label":"Antikvari\u00e1t knihy"}],"product_tag":[{"value":352,"label":"Automobily"},{"value":422,"label":"p\u0159\u00edslu\u0161enstv\u00ed"},{"value":224,"label":"\u0160koda"},{"value":219,"label":"Tatra"},{"value":378,"label":"u\u010debnice"}]},"featured_image_src_large":["https:\/\/www.motorjournal.cz\/wp-content\/uploads\/2025\/06\/A1210_automobilajeho-1-694x1024.jpg",694,1024,true],"author_info":[],"comment_info":"","_links":{"self":[{"href":"https:\/\/www.motorjournal.cz\/en\/wp-json\/wp\/v2\/product\/40582","targetHints":{"allow":["GET"]}}],"collection":[{"href":"https:\/\/www.motorjournal.cz\/en\/wp-json\/wp\/v2\/product"}],"about":[{"href":"https:\/\/www.motorjournal.cz\/en\/wp-json\/wp\/v2\/types\/product"}],"wp:featuredmedia":[{"embeddable":true,"href":"https:\/\/www.motorjournal.cz\/en\/wp-json\/wp\/v2\/media\/40583"}],"wp:attachment":[{"href":"https:\/\/www.motorjournal.cz\/en\/wp-json\/wp\/v2\/media?parent=40582"}],"wp:term":[{"taxonomy":"product_brand","embeddable":true,"href":"https:\/\/www.motorjournal.cz\/en\/wp-json\/wp\/v2\/product_brand?post=40582"},{"taxonomy":"product_cat","embeddable":true,"href":"https:\/\/www.motorjournal.cz\/en\/wp-json\/wp\/v2\/product_cat?post=40582"},{"taxonomy":"product_tag","embeddable":true,"href":"https:\/\/www.motorjournal.cz\/en\/wp-json\/wp\/v2\/product_tag?post=40582"}],"curies":[{"name":"wp","href":"https:\/\/api.w.org\/{rel}","templated":true}]}}