{"id":40589,"date":"2025-06-23T11:19:44","date_gmt":"2025-06-23T10:19:44","guid":{"rendered":"https:\/\/www.motorjournal.cz\/?post_type=product&#038;p=40589"},"modified":"2025-11-04T15:23:50","modified_gmt":"2025-11-04T14:23:50","slug":"nauka-o-motorech","status":"publish","type":"product","link":"https:\/\/www.motorjournal.cz\/en\/product\/nauka-o-motorech\/","title":{"rendered":"Engine science"},"content":{"rendered":"<p><span class=\"end_text et_96375\"><span class=\"end_text et_15735\"><span class=\"start_text\">Textbook for craft and industrial schools with a dedication by the author.<br \/>\n<\/span><\/span><\/span><\/p>\n<p>Year of publication: 1906<br \/>\nPublisher: F. \u0160im\u00e1\u010dek<br \/>\nBinding: sewn in hardcover<br \/>\nFormat: 160 x 220 mm<br \/>\nNumber of pages: 101<br \/>\nCondition: excellent<\/p>","protected":false},"excerpt":{"rendered":"<p>author: ing. Josef Trun\u011b\u010dek<\/p>","protected":false},"featured_media":40590,"template":"","meta":{"kt_blocks_editor_width":"","_kad_blocks_custom_css":"","_kad_blocks_head_custom_js":"","_kad_blocks_body_custom_js":"","_kad_blocks_footer_custom_js":""},"product_brand":[],"product_cat":[317,347],"product_tag":[422,378],"class_list":{"0":"post-40589","1":"product","2":"type-product","3":"status-publish","4":"has-post-thumbnail","6":"product_cat-antikvariat","7":"product_cat-antikvariat-knihy","8":"product_tag-prislusenstvi","9":"product_tag-ucebnice","11":"first","12":"instock","13":"sale","14":"taxable","15":"shipping-taxable","16":"purchasable","17":"product-type-simple"},"supplier_id":null,"supplier_sku":"","barcode":null,"atum_controlled":false,"out_stock_date":null,"out_stock_threshold":null,"inheritable":false,"inbound_stock":null,"stock_on_hold":0,"sold_today":0,"sales_last_days":0,"reserved_stock":null,"customer_returns":null,"warehouse_damage":null,"lost_in_post":null,"other_logs":null,"out_stock_days":0,"lost_sales":0,"has_location":false,"update_date":"2026-04-04T00:06:15","atum_locations":[],"atum_stock_status":"instock","restock_status":false,"low_stock_amount":"","sales_update_date":"2026-04-04T00:06:15","calc_backorders":null,"aioseo_notices":[],"taxonomy_info":{"product_cat":[{"value":317,"label":"Antikvari\u00e1t"},{"value":347,"label":"Antikvari\u00e1t knihy"}],"product_tag":[{"value":422,"label":"p\u0159\u00edslu\u0161enstv\u00ed"},{"value":378,"label":"u\u010debnice"}]},"featured_image_src_large":["https:\/\/www.motorjournal.cz\/wp-content\/uploads\/2025\/06\/A1212_naukaomotor-1-743x1024.jpg",743,1024,true],"author_info":[],"comment_info":"","_links":{"self":[{"href":"https:\/\/www.motorjournal.cz\/en\/wp-json\/wp\/v2\/product\/40589","targetHints":{"allow":["GET"]}}],"collection":[{"href":"https:\/\/www.motorjournal.cz\/en\/wp-json\/wp\/v2\/product"}],"about":[{"href":"https:\/\/www.motorjournal.cz\/en\/wp-json\/wp\/v2\/types\/product"}],"wp:featuredmedia":[{"embeddable":true,"href":"https:\/\/www.motorjournal.cz\/en\/wp-json\/wp\/v2\/media\/40590"}],"wp:attachment":[{"href":"https:\/\/www.motorjournal.cz\/en\/wp-json\/wp\/v2\/media?parent=40589"}],"wp:term":[{"taxonomy":"product_brand","embeddable":true,"href":"https:\/\/www.motorjournal.cz\/en\/wp-json\/wp\/v2\/product_brand?post=40589"},{"taxonomy":"product_cat","embeddable":true,"href":"https:\/\/www.motorjournal.cz\/en\/wp-json\/wp\/v2\/product_cat?post=40589"},{"taxonomy":"product_tag","embeddable":true,"href":"https:\/\/www.motorjournal.cz\/en\/wp-json\/wp\/v2\/product_tag?post=40589"}],"curies":[{"name":"wp","href":"https:\/\/api.w.org\/{rel}","templated":true}]}}