{"id":40593,"date":"2025-06-23T12:01:18","date_gmt":"2025-06-23T11:01:18","guid":{"rendered":"https:\/\/www.motorjournal.cz\/?post_type=product&#038;p=40593"},"modified":"2025-11-04T15:23:50","modified_gmt":"2025-11-04T14:23:50","slug":"seznam-soucasti-vozu-skoda-rapid-ohv","status":"publish","type":"product","link":"https:\/\/www.motorjournal.cz\/en\/product\/seznam-soucasti-vozu-skoda-rapid-ohv\/","title":{"rendered":"List of parts for the car &quot;\u0160koda Rapid OHV&quot;\u201e"},"content":{"rendered":"<p>&nbsp;<\/p>\n<p>Year of publication: 1939<br \/>\nPublisher: ASAP<br \/>\nCustody:<br \/>\nFormat: 160 x 220 mm<br \/>\nNumber of pages: 134<br \/>\nCondition: damaged covers, but inside pages excellent<\/p>","protected":false},"excerpt":{"rendered":"<p>&nbsp; Year of publication: 1939 Publisher: ASAP Binding: Format: 160 x 220 mm Number of pages: 134 Condition: damaged covers, but the inside pages are excellent<\/p>","protected":false},"featured_media":40594,"template":"","meta":{"kt_blocks_editor_width":"","_kad_blocks_custom_css":"","_kad_blocks_head_custom_js":"","_kad_blocks_body_custom_js":"","_kad_blocks_footer_custom_js":""},"product_brand":[],"product_cat":[317,347,365],"product_tag":[224],"class_list":{"0":"post-40593","1":"product","2":"type-product","3":"status-publish","4":"has-post-thumbnail","6":"product_cat-antikvariat","7":"product_cat-antikvariat-knihy","8":"product_cat-antikvariat-manualy-seznamy-nahradnich-dilu","9":"product_tag-skoda","11":"first","12":"instock","13":"sale","14":"taxable","15":"shipping-taxable","16":"purchasable","17":"product-type-simple"},"supplier_id":null,"supplier_sku":"","barcode":null,"atum_controlled":false,"out_stock_date":null,"out_stock_threshold":null,"inheritable":false,"inbound_stock":null,"stock_on_hold":0,"sold_today":0,"sales_last_days":0,"reserved_stock":null,"customer_returns":null,"warehouse_damage":null,"lost_in_post":null,"other_logs":null,"out_stock_days":0,"lost_sales":0,"has_location":false,"update_date":"2026-04-05T00:06:32","atum_locations":[],"atum_stock_status":"instock","restock_status":false,"low_stock_amount":"","sales_update_date":"2026-04-05T00:06:32","calc_backorders":null,"aioseo_notices":[],"taxonomy_info":{"product_cat":[{"value":317,"label":"Antikvari\u00e1t"},{"value":347,"label":"Antikvari\u00e1t knihy"},{"value":365,"label":"Antikvari\u00e1t manu\u00e1ly, seznamy n\u00e1hradn\u00edch d\u00edl\u016f"}],"product_tag":[{"value":224,"label":"\u0160koda"}]},"featured_image_src_large":["https:\/\/www.motorjournal.cz\/wp-content\/uploads\/2025\/06\/A1213_seznamsoucast-1-757x1024.jpg",757,1024,true],"author_info":[],"comment_info":"","_links":{"self":[{"href":"https:\/\/www.motorjournal.cz\/en\/wp-json\/wp\/v2\/product\/40593","targetHints":{"allow":["GET"]}}],"collection":[{"href":"https:\/\/www.motorjournal.cz\/en\/wp-json\/wp\/v2\/product"}],"about":[{"href":"https:\/\/www.motorjournal.cz\/en\/wp-json\/wp\/v2\/types\/product"}],"wp:featuredmedia":[{"embeddable":true,"href":"https:\/\/www.motorjournal.cz\/en\/wp-json\/wp\/v2\/media\/40594"}],"wp:attachment":[{"href":"https:\/\/www.motorjournal.cz\/en\/wp-json\/wp\/v2\/media?parent=40593"}],"wp:term":[{"taxonomy":"product_brand","embeddable":true,"href":"https:\/\/www.motorjournal.cz\/en\/wp-json\/wp\/v2\/product_brand?post=40593"},{"taxonomy":"product_cat","embeddable":true,"href":"https:\/\/www.motorjournal.cz\/en\/wp-json\/wp\/v2\/product_cat?post=40593"},{"taxonomy":"product_tag","embeddable":true,"href":"https:\/\/www.motorjournal.cz\/en\/wp-json\/wp\/v2\/product_tag?post=40593"}],"curies":[{"name":"wp","href":"https:\/\/api.w.org\/{rel}","templated":true}]}}