{"id":40643,"date":"2025-06-27T13:02:24","date_gmt":"2025-06-27T12:02:24","guid":{"rendered":"https:\/\/www.motorjournal.cz\/?post_type=product&#038;p=40643"},"modified":"2025-11-04T15:23:48","modified_gmt":"2025-11-04T14:23:48","slug":"prazsky-industrial","status":"publish","type":"product","link":"https:\/\/www.motorjournal.cz\/en\/product\/prazsky-industrial\/","title":{"rendered":"Prague industrialist"},"content":{"rendered":"<p>Guide to technical buildings and industrial architecture of Prague. Second edition<\/p>\n<p>Year of release: 2007<br \/>\nPublisher: Czech Technical University Prague<br \/>\nBinding: glued in soft covers<br \/>\nFormat: 160 x 235 mm<br \/>\nNumber of pages: 301<br \/>\nCondition: excellent<\/p>","protected":false},"excerpt":{"rendered":"<p>edito\u0159i:\u00a0 Luk\u00e1\u0161 Beran a&nbsp;Vladislava Valch\u00e1\u0159ov\u00e1<\/p>","protected":false},"featured_media":40644,"template":"","meta":{"kt_blocks_editor_width":"","_kad_blocks_custom_css":"","_kad_blocks_head_custom_js":"","_kad_blocks_body_custom_js":"","_kad_blocks_footer_custom_js":""},"product_brand":[],"product_cat":[317,347],"product_tag":[839,351,860],"class_list":{"0":"post-40643","1":"product","2":"type-product","3":"status-publish","4":"has-post-thumbnail","6":"product_cat-antikvariat","7":"product_cat-antikvariat-knihy","8":"product_tag-cestopis","9":"product_tag-osobnosti","10":"product_tag-prirucka","12":"first","13":"instock","14":"sale","15":"taxable","16":"shipping-taxable","17":"purchasable","18":"product-type-simple"},"supplier_id":null,"supplier_sku":"","barcode":null,"atum_controlled":false,"out_stock_date":null,"out_stock_threshold":null,"inheritable":false,"inbound_stock":null,"stock_on_hold":0,"sold_today":0,"sales_last_days":0,"reserved_stock":null,"customer_returns":null,"warehouse_damage":null,"lost_in_post":null,"other_logs":null,"out_stock_days":0,"lost_sales":0,"has_location":false,"update_date":"2026-04-04T00:06:15","atum_locations":[],"atum_stock_status":"instock","restock_status":false,"low_stock_amount":"","sales_update_date":"2026-04-04T00:06:15","calc_backorders":null,"aioseo_notices":[],"taxonomy_info":{"product_cat":[{"value":317,"label":"Antikvari\u00e1t"},{"value":347,"label":"Antikvari\u00e1t knihy"}],"product_tag":[{"value":839,"label":"cestopis"},{"value":351,"label":"Osobnosti"},{"value":860,"label":"p\u0159\u00edru\u010dka"}]},"featured_image_src_large":["https:\/\/www.motorjournal.cz\/wp-content\/uploads\/2025\/06\/A1223_industrial_praha-1.jpg",700,1017,false],"author_info":[],"comment_info":"","_links":{"self":[{"href":"https:\/\/www.motorjournal.cz\/en\/wp-json\/wp\/v2\/product\/40643","targetHints":{"allow":["GET"]}}],"collection":[{"href":"https:\/\/www.motorjournal.cz\/en\/wp-json\/wp\/v2\/product"}],"about":[{"href":"https:\/\/www.motorjournal.cz\/en\/wp-json\/wp\/v2\/types\/product"}],"wp:featuredmedia":[{"embeddable":true,"href":"https:\/\/www.motorjournal.cz\/en\/wp-json\/wp\/v2\/media\/40644"}],"wp:attachment":[{"href":"https:\/\/www.motorjournal.cz\/en\/wp-json\/wp\/v2\/media?parent=40643"}],"wp:term":[{"taxonomy":"product_brand","embeddable":true,"href":"https:\/\/www.motorjournal.cz\/en\/wp-json\/wp\/v2\/product_brand?post=40643"},{"taxonomy":"product_cat","embeddable":true,"href":"https:\/\/www.motorjournal.cz\/en\/wp-json\/wp\/v2\/product_cat?post=40643"},{"taxonomy":"product_tag","embeddable":true,"href":"https:\/\/www.motorjournal.cz\/en\/wp-json\/wp\/v2\/product_tag?post=40643"}],"curies":[{"name":"wp","href":"https:\/\/api.w.org\/{rel}","templated":true}]}}