{"id":40653,"date":"2025-06-27T13:46:04","date_gmt":"2025-06-27T12:46:04","guid":{"rendered":"https:\/\/www.motorjournal.cz\/?post_type=product&#038;p=40653"},"modified":"2025-11-04T15:23:48","modified_gmt":"2025-11-04T14:23:48","slug":"the-best-of-old-cars-volume-2","status":"publish","type":"product","link":"https:\/\/www.motorjournal.cz\/en\/product\/the-best-of-old-cars-volume-2\/","title":{"rendered":"The Best of Old Cars \u2013 volume 2"},"content":{"rendered":"<p>Lots of reading for winter evenings! A selection of the best articles from the American vintage car weekly Old Cars from 1977 and 1978. Complete with a name index.<\/p>\n<p>Year of publication: 1983<br \/>\nPublisher: Krause Publications<br \/>\nBinding: glued in soft covers<br \/>\nFormat: 280 x 395 mm<br \/>\nNumber of pages: 464<br \/>\nCondition: excellent<\/p>","protected":false},"excerpt":{"rendered":"<p>Lots of reading for winter evenings! A selection of the best articles from the American veteran weekly Old Cars from 1977 and 1978. Completed with a name index. Year of publication: 1983 Publisher: Krause Publications Binding: glued in soft covers Format: 280 x 395 mm Number of pages: 464 Condition: excellent<\/p>","protected":false},"featured_media":40654,"template":"","meta":{"kt_blocks_editor_width":"","_kad_blocks_custom_css":"","_kad_blocks_head_custom_js":"","_kad_blocks_body_custom_js":"","_kad_blocks_footer_custom_js":""},"product_brand":[],"product_cat":[317,347],"product_tag":[352,361,422],"class_list":{"0":"post-40653","1":"product","2":"type-product","3":"status-publish","4":"has-post-thumbnail","6":"product_cat-antikvariat","7":"product_cat-antikvariat-knihy","8":"product_tag-automobily","9":"product_tag-nakladni-automobily","10":"product_tag-prislusenstvi","12":"first","13":"instock","14":"sale","15":"taxable","16":"shipping-taxable","17":"purchasable","18":"product-type-simple"},"supplier_id":null,"supplier_sku":"","barcode":null,"atum_controlled":false,"out_stock_date":null,"out_stock_threshold":null,"inheritable":false,"inbound_stock":null,"stock_on_hold":0,"sold_today":0,"sales_last_days":0,"reserved_stock":null,"customer_returns":null,"warehouse_damage":null,"lost_in_post":null,"other_logs":null,"out_stock_days":0,"lost_sales":0,"has_location":false,"update_date":"2026-04-06T00:08:16","atum_locations":[],"atum_stock_status":"instock","restock_status":false,"low_stock_amount":"","sales_update_date":"2026-04-06T00:08:16","calc_backorders":null,"aioseo_notices":[],"taxonomy_info":{"product_cat":[{"value":317,"label":"Antikvari\u00e1t"},{"value":347,"label":"Antikvari\u00e1t knihy"}],"product_tag":[{"value":352,"label":"Automobily"},{"value":361,"label":"N\u00e1kladn\u00ed automobily"},{"value":422,"label":"p\u0159\u00edslu\u0161enstv\u00ed"}]},"featured_image_src_large":["https:\/\/www.motorjournal.cz\/wp-content\/uploads\/2025\/06\/A1225_thebestofold-1-708x1024.jpg",708,1024,true],"author_info":[],"comment_info":"","_links":{"self":[{"href":"https:\/\/www.motorjournal.cz\/en\/wp-json\/wp\/v2\/product\/40653","targetHints":{"allow":["GET"]}}],"collection":[{"href":"https:\/\/www.motorjournal.cz\/en\/wp-json\/wp\/v2\/product"}],"about":[{"href":"https:\/\/www.motorjournal.cz\/en\/wp-json\/wp\/v2\/types\/product"}],"wp:featuredmedia":[{"embeddable":true,"href":"https:\/\/www.motorjournal.cz\/en\/wp-json\/wp\/v2\/media\/40654"}],"wp:attachment":[{"href":"https:\/\/www.motorjournal.cz\/en\/wp-json\/wp\/v2\/media?parent=40653"}],"wp:term":[{"taxonomy":"product_brand","embeddable":true,"href":"https:\/\/www.motorjournal.cz\/en\/wp-json\/wp\/v2\/product_brand?post=40653"},{"taxonomy":"product_cat","embeddable":true,"href":"https:\/\/www.motorjournal.cz\/en\/wp-json\/wp\/v2\/product_cat?post=40653"},{"taxonomy":"product_tag","embeddable":true,"href":"https:\/\/www.motorjournal.cz\/en\/wp-json\/wp\/v2\/product_tag?post=40653"}],"curies":[{"name":"wp","href":"https:\/\/api.w.org\/{rel}","templated":true}]}}