{"id":40661,"date":"2025-06-27T14:08:51","date_gmt":"2025-06-27T13:08:51","guid":{"rendered":"https:\/\/www.motorjournal.cz\/?post_type=product&#038;p=40661"},"modified":"2025-11-04T15:23:47","modified_gmt":"2025-11-04T14:23:47","slug":"the-best-of-old-cars-volume-4","status":"publish","type":"product","link":"https:\/\/www.motorjournal.cz\/en\/product\/the-best-of-old-cars-volume-4\/","title":{"rendered":"The Best of Old Cars \u2013 volume 4"},"content":{"rendered":"<p>Lots of reading for winter evenings! A selection of the best articles from the American vintage car weekly Old Cars from 1981 and 1982. Complete with a name index.<\/p>\n<p>Year of publication: 1983<br \/>\nPublisher: Krause Publications<br \/>\nBinding: glued in soft covers<br \/>\nFormat: 270 x 395 mm<br \/>\nNumber of pages: 552<br \/>\nCondition: excellent<\/p>","protected":false},"excerpt":{"rendered":"<p>Lots of reading for winter evenings! A selection of the best articles from the American veteran weekly Old Cars from 1981 and 1982. Completed with a name index. Year of publication: 1983 Publisher: Krause Publications Binding: glued in soft covers Format: 270 x 395 mm Number of pages: 552 Condition: excellent<\/p>","protected":false},"featured_media":40662,"template":"","meta":{"kt_blocks_editor_width":"","_kad_blocks_custom_css":"","_kad_blocks_head_custom_js":"","_kad_blocks_body_custom_js":"","_kad_blocks_footer_custom_js":""},"product_brand":[],"product_cat":[317,347],"product_tag":[352,361,422],"class_list":{"0":"post-40661","1":"product","2":"type-product","3":"status-publish","4":"has-post-thumbnail","6":"product_cat-antikvariat","7":"product_cat-antikvariat-knihy","8":"product_tag-automobily","9":"product_tag-nakladni-automobily","10":"product_tag-prislusenstvi","12":"first","13":"instock","14":"sale","15":"taxable","16":"shipping-taxable","17":"purchasable","18":"product-type-simple"},"supplier_id":null,"supplier_sku":"","barcode":null,"atum_controlled":false,"out_stock_date":null,"out_stock_threshold":null,"inheritable":false,"inbound_stock":null,"stock_on_hold":0,"sold_today":0,"sales_last_days":0,"reserved_stock":null,"customer_returns":null,"warehouse_damage":null,"lost_in_post":null,"other_logs":null,"out_stock_days":0,"lost_sales":0,"has_location":false,"update_date":"2026-04-04T00:06:23","atum_locations":[],"atum_stock_status":"instock","restock_status":false,"low_stock_amount":"","sales_update_date":"2026-04-04T00:06:23","calc_backorders":null,"aioseo_notices":[],"taxonomy_info":{"product_cat":[{"value":317,"label":"Antikvari\u00e1t"},{"value":347,"label":"Antikvari\u00e1t knihy"}],"product_tag":[{"value":352,"label":"Automobily"},{"value":361,"label":"N\u00e1kladn\u00ed automobily"},{"value":422,"label":"p\u0159\u00edslu\u0161enstv\u00ed"}]},"featured_image_src_large":["https:\/\/www.motorjournal.cz\/wp-content\/uploads\/2025\/06\/A1227_thebestofold-1-718x1024.jpg",718,1024,true],"author_info":[],"comment_info":"","_links":{"self":[{"href":"https:\/\/www.motorjournal.cz\/en\/wp-json\/wp\/v2\/product\/40661","targetHints":{"allow":["GET"]}}],"collection":[{"href":"https:\/\/www.motorjournal.cz\/en\/wp-json\/wp\/v2\/product"}],"about":[{"href":"https:\/\/www.motorjournal.cz\/en\/wp-json\/wp\/v2\/types\/product"}],"wp:featuredmedia":[{"embeddable":true,"href":"https:\/\/www.motorjournal.cz\/en\/wp-json\/wp\/v2\/media\/40662"}],"wp:attachment":[{"href":"https:\/\/www.motorjournal.cz\/en\/wp-json\/wp\/v2\/media?parent=40661"}],"wp:term":[{"taxonomy":"product_brand","embeddable":true,"href":"https:\/\/www.motorjournal.cz\/en\/wp-json\/wp\/v2\/product_brand?post=40661"},{"taxonomy":"product_cat","embeddable":true,"href":"https:\/\/www.motorjournal.cz\/en\/wp-json\/wp\/v2\/product_cat?post=40661"},{"taxonomy":"product_tag","embeddable":true,"href":"https:\/\/www.motorjournal.cz\/en\/wp-json\/wp\/v2\/product_tag?post=40661"}],"curies":[{"name":"wp","href":"https:\/\/api.w.org\/{rel}","templated":true}]}}