{"id":40699,"date":"2025-07-04T06:03:09","date_gmt":"2025-07-04T05:03:09","guid":{"rendered":"https:\/\/www.motorjournal.cz\/?post_type=product&#038;p=40699"},"modified":"2026-02-01T03:55:29","modified_gmt":"2026-02-01T02:55:29","slug":"motor-journal-7-2025","status":"publish","type":"product","link":"https:\/\/www.motorjournal.cz\/en\/product\/motor-journal-7-2025\/","title":{"rendered":"Motor Journal 7\/2025"},"content":{"rendered":"<p><strong>July Motor Journal <\/strong>is published as always on the first Friday of the month (July 4, 2025).<br \/>\nTraditionally, the Miscellaneous News section mainly focuses on May anniversaries with dates ending in 5. We commemorate personalities, races, car shows, news, and new books.<br \/>\n<strong>Competition at Villa d&#039;Este<\/strong> took place on the weekend of May 23-25 in Cernobbio on the shores of Lake Como, Italy. The title of &quot;Best of Show&quot; was won by the Alfa Romeo P3 Monoposto racing car, which was entered into the competition by the German company Auriga Collection. In category G, the winner was Mr. Robert Kudela&#039;s Talbot Lago T26 Grand Sport, which was completely renovated by his father Franti\u0161ek&#039;s Chropyn\u011b workshop.<br \/>\n<strong>1000 Czechoslovak miles<\/strong> Jan \u010cervenka also experienced it firsthand. From Prague to Bratislava and back in a stunning Jaguar Mark IV.<br \/>\nDon&#039;t expect objectivity or a serious report. Just a few personal impressions from Petr Ho\u0161\u0165\u00e1lek from the event, where he was allowed to be there and had the opportunity to really take the reins and enjoy three days. <strong>on the track of the autodrome in Sosnov\u00e1<\/strong>\u2026<br \/>\n<strong>Veteran Rally Krivonoska<\/strong> is one of the mainstays of our veteran scene. You go there for security. The same place, the same friends, the track is always in a different direction, but it is always chosen along similar beautiful roads. If you like it there once, you will always like to go there.<br \/>\nThe Hockenheimring hosted its first F1 Grand Prix in 1970 \u2013 and it is this era that it is set to transport fans to <strong>ADAC\u2011Hockenheim\u2011Historic, das Jim\u2011Clark\u2011Revival<\/strong>. Viewers have been gratefully welcoming it lately. Similar to the Brno Revival last year, the sunny May event in Germany was an incredible success: a record 45,000 paying visitors came to see the historians.<br \/>\nTatra trucks \u2013 the road to air-cooled diesel (part 2). Everything is connected to everything and you have to save money. <strong>The emergence of the legendary Tatra Mountains 111<\/strong> It wasn&#039;t easy during the war years.<br \/>\nFor athletes of the purest grain it brings <strong>Sarol\u00e9a brand new model 24U<\/strong> \u2013 with an engine with two exhausts. The power of this machine reaches 25 to 30 HP, which allows it to reach speeds that significantly exceed 150 km\/h\u2026<br \/>\nIn early July 1955, an Austin A90 Westminster set off from London on a 28,000-kilometre journey. In a matter of months, it had travelled from the tip of Europe at 71 degrees north latitude, almost 1,000 kilometres above the Arctic Circle, to the southernmost point of Africa at 34 degrees south latitude. Many considered such a journey impossible in a family saloon, but the impetuous journalist and former aviator <strong>Richard Pape<\/strong> He proved them wrong, but he left behind several broken-down cars, exhausted passengers, and angry officials.<br \/>\nFor the weekend of June 14th and 15th, 2025, the Norfolk-based <strong>Anglia Car Auction auction house<\/strong> in its hall in King&#039;s Lynn, selling 268 collectibles and spare parts, 279 cars and 55 motorcycles. Among the mostly modern vehicles, there were a few nice older pieces sold at relatively reasonable prices.<br \/>\nA calendar of events, private and commercial advertising, that&#039;s the content of the last pages of this year&#039;s fifth issue of Motor Journal.<\/p>","protected":false},"excerpt":{"rendered":"<p>Editorial: What is happening to us sometimes?...<br \/>\nMiscellaneous news<br \/>\nGordon Bennett Cup 1905<br \/>\nGlidden Tour 1905<br \/>\nOstend Automobile Week 1905<br \/>\nGrand Prix of the French Automobile Club for Touring Cars 1925<br \/>\n1925 French Grand Prix racing cars<br \/>\nNeoplan<br \/>\nJawa 550<br \/>\nVltava Rally 1965<br \/>\nGrand Prix of the Czechoslovak Socialist Republic in Brno<br \/>\nA Life Dedicated to the Women of Prague \u2013 A Tribute to Emil P\u0159\u00edhod<br \/>\nThe ROBOT Expedition Prague\u2013Osaka EXPO 2025 has started<br \/>\n500 km Slovak 2025<br \/>\nLeaf plant<br \/>\nConcorso d&#039;Eleganza Villa d&#039;Este 2025<br \/>\nHow we (not) won the 1000 Czechoslovak miles<br \/>\nSosnov\u00e1 2025 \u2013 or When the old man gets soot<br \/>\nVeteran Rally K\u0159ivonoska 2025<br \/>\nHockenheim Historic without Jochen Massa this year<br \/>\nTatra 111<br \/>\nVeterans Salon \u2013 Sarol\u00e9a 24U \u2013 Question d&#039;honneur<br \/>\nRichard Pape: From the North Cape to the Cape of Good Hope<br \/>\nAnglia Car Auction<br \/>\nCalendar of events and advertising<br \/>\nBooks<\/p>","protected":false},"featured_media":40543,"template":"","meta":{"kt_blocks_editor_width":"","_kad_blocks_custom_css":"","_kad_blocks_head_custom_js":"","_kad_blocks_body_custom_js":"","_kad_blocks_footer_custom_js":""},"product_brand":[],"product_cat":[783,162],"product_tag":[],"class_list":{"0":"post-40699","1":"product","2":"type-product","3":"status-publish","4":"has-post-thumbnail","6":"product_cat-783","7":"product_cat-casopisy","9":"first","10":"instock","11":"sale","12":"taxable","13":"shipping-taxable","14":"purchasable","15":"product-type-simple"},"supplier_id":null,"supplier_sku":"","barcode":null,"atum_controlled":true,"out_stock_date":null,"out_stock_threshold":null,"inheritable":false,"inbound_stock":0,"stock_on_hold":0,"sold_today":0,"sales_last_days":0,"reserved_stock":0,"customer_returns":0,"warehouse_damage":0,"lost_in_post":0,"other_logs":0,"out_stock_days":0,"lost_sales":0,"has_location":false,"update_date":"2026-04-04T00:06:47","atum_locations":[],"atum_stock_status":"instock","restock_status":false,"low_stock_amount":"","sales_update_date":"2026-04-04T00:06:47","calc_backorders":null,"aioseo_notices":[],"taxonomy_info":{"product_cat":[{"value":783,"label":"2025"},{"value":162,"label":"\u010casopisy"}]},"featured_image_src_large":["https:\/\/www.motorjournal.cz\/wp-content\/uploads\/2025\/06\/MJ_2025_06-1.jpg",595,841,false],"author_info":[],"comment_info":"","_links":{"self":[{"href":"https:\/\/www.motorjournal.cz\/en\/wp-json\/wp\/v2\/product\/40699","targetHints":{"allow":["GET"]}}],"collection":[{"href":"https:\/\/www.motorjournal.cz\/en\/wp-json\/wp\/v2\/product"}],"about":[{"href":"https:\/\/www.motorjournal.cz\/en\/wp-json\/wp\/v2\/types\/product"}],"wp:featuredmedia":[{"embeddable":true,"href":"https:\/\/www.motorjournal.cz\/en\/wp-json\/wp\/v2\/media\/40543"}],"wp:attachment":[{"href":"https:\/\/www.motorjournal.cz\/en\/wp-json\/wp\/v2\/media?parent=40699"}],"wp:term":[{"taxonomy":"product_brand","embeddable":true,"href":"https:\/\/www.motorjournal.cz\/en\/wp-json\/wp\/v2\/product_brand?post=40699"},{"taxonomy":"product_cat","embeddable":true,"href":"https:\/\/www.motorjournal.cz\/en\/wp-json\/wp\/v2\/product_cat?post=40699"},{"taxonomy":"product_tag","embeddable":true,"href":"https:\/\/www.motorjournal.cz\/en\/wp-json\/wp\/v2\/product_tag?post=40699"}],"curies":[{"name":"wp","href":"https:\/\/api.w.org\/{rel}","templated":true}]}}