{"id":40786,"date":"2025-08-07T20:46:43","date_gmt":"2025-08-07T19:46:43","guid":{"rendered":"https:\/\/www.motorjournal.cz\/?post_type=product&#038;p=40786"},"modified":"2026-03-01T05:08:14","modified_gmt":"2026-03-01T04:08:14","slug":"motor-journal-8-2025","status":"publish","type":"product","link":"https:\/\/www.motorjournal.cz\/en\/product\/motor-journal-8-2025\/","title":{"rendered":"Motor Journal 8\/2025"},"content":{"rendered":"<p><strong>August Motor Journal <\/strong>is published as always on the first Friday of the month (August 1, 2025).<br \/>\nTraditionally, the Miscellaneous News section mainly focuses on May anniversaries with dates ending in 5. We commemorate personalities, races, car shows, news, and new books.<br \/>\nThe first car and motorcycle hill climb race <strong>Zbraslav\u2013J\u00edlovi\u0161t\u011b<\/strong> was held in 1908. A total of 14 years have been held, the last in 1931. The first major race has been organized by the Veteran Car Club Prague since 1968, which organizes regularity races for historic vehicles on a preserved section of the track. This year there have been several changes, we talked about them with the new event director, Jan \u017divn\u00fd.<br \/>\nStar\u00e1 Kruhovka in Sedlec near Kutn\u00e1 Hora is a former brickyard (kruhovka) and a former drying house. Despite construction interventions during the socialist economy, the building has retained the character of an industrial building from the end of the 19th century. Today it is a museum of historic vehicles, operated by a well-known figure in Czech motoring. <strong>Francis Bauer<\/strong> and his colleague Luk\u00e1\u0161 Hejn\u00fd.<br \/>\nMany motor vehicle manufacturers started with bicycles and moved on to cars via motorcycles. But for Sunbeam, cars came into being much earlier than motorcycles. If you had asked any schoolboy in Britain in the mid-1920s what car they dreamed of, it would probably have been a <strong>Sunbeam<\/strong> or Bentley.<br \/>\nAuction hall <strong>RM Sotheby&#039;s<\/strong> has prepared 64 cars for sale on July 8th at the luxurious Cliveden House Hotel in Berkshire, about a 40-minute drive west of London. The offering was unusually attractive, and the auction house was able to report 80 percent of the lots sold that evening. However, most of the cars sold for under a hundred thousand pounds, while the most expensive cars remained unsold.<br \/>\nA calendar of events, private and commercial advertising, that&#039;s the content of the last pages of this year&#039;s fifth issue of Motor Journal.<\/p>","protected":false},"excerpt":{"rendered":"<p>Editorial: Octane rhyme<br \/>\nMiscellaneous news<br \/>\nHerkomer Competition 1905<br \/>\n1905 Pyrenees Cup Touring Car Race<br \/>\nManfred von Brauchitsch<br \/>\nKarel Repa<br \/>\nNevill Westwood \u2013 the first to circumnavigate Australia by car<br \/>\nTaunus Race-1925<br \/>\nGrossglockner Hill Climb 1935<br \/>\n1935 Swiss Grand Prix<br \/>\nRedex Trial 1955<br \/>\nCzechoslovakian Road Motorcycle Grand Prix 1955<br \/>\nCordatic Rally 1965<br \/>\nMarathon de la Route 1965<br \/>\nZdenek Buchar<br \/>\nXXII. Around Eli\u0161ka<br \/>\nBehind Ji\u0159\u00ed Tenek from Luha\u010dovice<br \/>\nZbraslav\u2013J\u00edlovi\u0161t\u011b 2025<br \/>\nIvo \u0160arlingr&#039;s dream came true in Pavl\u00edkov<br \/>\nWith Franta Bauer about the Tatras in Star\u00e1 Kruhovka<br \/>\nCelebrating 200 years of Passo dello Stelvio<br \/>\nEnnstal Classic 2025<br \/>\nTatra Oldtimer 2025 \u2013 10 years of passion, elegance and veteran heart<br \/>\nVilla d\u2019Este 2025 \u2013 prom\u011bny v&nbsp;\u010dase<br \/>\nVeteran Salon \u2013 Automotive History of the Sunbeam \u2013 Sunbeam 25<br \/>\nMotorcycle Museum in Vransko<br \/>\nRM Sotheby&#039;s auction at Cliveden Castle<br \/>\nCalendar of events and advertising<br \/>\nBooks<\/p>","protected":false},"featured_media":40771,"template":"","meta":{"kt_blocks_editor_width":"","_kad_blocks_custom_css":"","_kad_blocks_head_custom_js":"","_kad_blocks_body_custom_js":"","_kad_blocks_footer_custom_js":""},"product_brand":[],"product_cat":[783,162],"product_tag":[],"class_list":{"0":"post-40786","1":"product","2":"type-product","3":"status-publish","4":"has-post-thumbnail","6":"product_cat-783","7":"product_cat-casopisy","9":"first","10":"instock","11":"sale","12":"taxable","13":"shipping-taxable","14":"purchasable","15":"product-type-simple"},"supplier_id":null,"supplier_sku":"","barcode":null,"atum_controlled":true,"out_stock_date":null,"out_stock_threshold":null,"inheritable":false,"inbound_stock":0,"stock_on_hold":0,"sold_today":0,"sales_last_days":0,"reserved_stock":0,"customer_returns":0,"warehouse_damage":0,"lost_in_post":0,"other_logs":0,"out_stock_days":0,"lost_sales":0,"has_location":false,"update_date":"2026-04-05T00:07:06","atum_locations":[],"atum_stock_status":"instock","restock_status":false,"low_stock_amount":"","sales_update_date":"2026-04-05T00:07:06","calc_backorders":null,"aioseo_notices":[],"taxonomy_info":{"product_cat":[{"value":783,"label":"2025"},{"value":162,"label":"\u010casopisy"}]},"featured_image_src_large":["https:\/\/www.motorjournal.cz\/wp-content\/uploads\/2025\/08\/MJ_2025_08-1.jpg",595,841,false],"author_info":[],"comment_info":"","_links":{"self":[{"href":"https:\/\/www.motorjournal.cz\/en\/wp-json\/wp\/v2\/product\/40786","targetHints":{"allow":["GET"]}}],"collection":[{"href":"https:\/\/www.motorjournal.cz\/en\/wp-json\/wp\/v2\/product"}],"about":[{"href":"https:\/\/www.motorjournal.cz\/en\/wp-json\/wp\/v2\/types\/product"}],"wp:featuredmedia":[{"embeddable":true,"href":"https:\/\/www.motorjournal.cz\/en\/wp-json\/wp\/v2\/media\/40771"}],"wp:attachment":[{"href":"https:\/\/www.motorjournal.cz\/en\/wp-json\/wp\/v2\/media?parent=40786"}],"wp:term":[{"taxonomy":"product_brand","embeddable":true,"href":"https:\/\/www.motorjournal.cz\/en\/wp-json\/wp\/v2\/product_brand?post=40786"},{"taxonomy":"product_cat","embeddable":true,"href":"https:\/\/www.motorjournal.cz\/en\/wp-json\/wp\/v2\/product_cat?post=40786"},{"taxonomy":"product_tag","embeddable":true,"href":"https:\/\/www.motorjournal.cz\/en\/wp-json\/wp\/v2\/product_tag?post=40786"}],"curies":[{"name":"wp","href":"https:\/\/api.w.org\/{rel}","templated":true}]}}