{"id":40851,"date":"2025-09-05T10:10:06","date_gmt":"2025-09-05T09:10:06","guid":{"rendered":"https:\/\/www.motorjournal.cz\/?post_type=product&#038;p=40851"},"modified":"2026-04-01T06:11:37","modified_gmt":"2026-04-01T05:11:37","slug":"motor-journal-9-2025","status":"publish","type":"product","link":"https:\/\/www.motorjournal.cz\/en\/product\/motor-journal-9-2025\/","title":{"rendered":"Motor Journal 9\/2025"},"content":{"rendered":"<p>Traditionally, in the section <strong>Miscellaneous news<\/strong> It is mainly dedicated to round May anniversaries with dates ending in 5. We commemorate personalities, races, car shows, news and new books.<br \/>\n<strong>Ferdinand Porsche<\/strong> left a significant mark on the history of passenger cars, military and racing cars. At the beginning of the century he was known as the designer of Lohner-Porsche cars. The brands Austro-Daimler, Mercedes-Benz and Steyr followed. When he founded his own design office in Stuttgart, he also added Wanderer, Auto-Union, Volkswagen and finally Panzer and Tiger tanks.<br \/>\nThe factory, the oldest part of which was built in 1834, was owned by a Swiss industrialist and businessman. <strong>Nicholas Vonwiller<\/strong>. He was a prominent fabric merchant who owned a cotton textile factory in Milan. He had another linen textile factory in Austria and built a wool textile factory in \u017damberk, where Baron John Parish offered him a plot on his estate. Today, there is a wonderful Museum of Old Machines and Technologies, through whose grounds you can ride a steam train on a narrow-gauge track several times a year.<br \/>\nIn 1955, six recent graduates from prestigious British universities set off in two Land Rovers <strong>from London to an expedition into the unknown<\/strong>. The goal was Singapore and the reward was a place in history. The journey took six months and six days and covered about 29,000 kilometers. They were the first to travel this route.<br \/>\nThe Rudge-Whitworth brand is not only associated with famous English bicycles, but at several fortunate intervals, the Rudge Whitworth, Ltd., in Crow Lane, Coventry, also produced remarkable motorcycles. The most significant of these from the perspective of the history of motorcycling were the gearless belt-driven single-cylinders that the Coventry company produced in the 1910s and 1920s under the name <strong>Rudge Multi<\/strong>. They offered a solution for optimizing engine speed without the use of a gearbox, using an ingenious variator. This was such a fundamental move that the company completely outclassed the competition for several years \u2013 before classic gearboxes began to be used.<br \/>\n<strong>During one week in Monterey<\/strong> Cars worth a total of $432.8 million were sold here, the most since the record year of 2022. There were slightly fewer cars to choose from, but in the end there were still 1,078 cars offered by auction houses Bonhams, Broad Arrow, Gooding Christie&#039;s, Mecum and RM Sotheby&#039;s, of which 818 found new owners.<br \/>\nCalendar of events, private and commercial advertising, that&#039;s the content of the last pages of this year&#039;s next issue <strong>Journal Engine<\/strong>.<\/p>","protected":false},"excerpt":{"rendered":"<p>Editorial: Calculation<br \/>\nMiscellaneous news<br \/>\nVaclav Laurin<br \/>\nAdolphe Clement<br \/>\nRAC Tourist Trophy 1905<br \/>\nAbout the Vincenzo Florio Cup 1905<br \/>\nItalian Grand Prix 1925<br \/>\n1925 Spanish Grand Prix<br \/>\nCzechoslovakian Grand Prix 1935<br \/>\nBoulogne Forest 1945<br \/>\nISDT 1955 Gottwaldov<br \/>\nTourist Trophy at Dundrod Circuit 1955<br \/>\nUnder the \u0160tramberk Trumpet 1965<br \/>\nInternational Motor Show in Frankfurt am Main 1965<br \/>\nPetr Ho\u0161\u0165\u00e1lek: The Biker&#039;s Guardian Angel<br \/>\nExhibition Ferdinand Porsche and other pioneers<br \/>\nWalled-in Es-Ka<br \/>\nBest of Show at the 2025 Pebble Beach Concours d&#039;Elegance<br \/>\nHol\u00ed\u010d Castle Circuit<br \/>\n10th edition of the Tour de Battaglia<br \/>\nVintage six-day motorcycle competition<br \/>\nErcole Spada<br \/>\nFerdinand Porsche<br \/>\nBetween Two Gates 2025<br \/>\nVonwillerka<br \/>\nFar East Expedition, London\u2013Singapore<br \/>\nVeteran salon Rudge Multi<br \/>\nAuction \u2013 Monterey Car Week<br \/>\nXI. The Grand Retro Show V\u00edgla\u0161 2025<br \/>\nCalendar of events and advertising<br \/>\nBooks<\/p>","protected":false},"featured_media":40841,"template":"","meta":{"kt_blocks_editor_width":"","_kad_blocks_custom_css":"","_kad_blocks_head_custom_js":"","_kad_blocks_body_custom_js":"","_kad_blocks_footer_custom_js":""},"product_brand":[],"product_cat":[783,162],"product_tag":[],"class_list":{"0":"post-40851","1":"product","2":"type-product","3":"status-publish","4":"has-post-thumbnail","6":"product_cat-783","7":"product_cat-casopisy","9":"first","10":"instock","11":"sale","12":"taxable","13":"shipping-taxable","14":"purchasable","15":"product-type-simple"},"supplier_id":null,"supplier_sku":"","barcode":null,"atum_controlled":true,"out_stock_date":null,"out_stock_threshold":null,"inheritable":false,"inbound_stock":0,"stock_on_hold":0,"sold_today":0,"sales_last_days":0,"reserved_stock":0,"customer_returns":0,"warehouse_damage":0,"lost_in_post":0,"other_logs":0,"out_stock_days":0,"lost_sales":0,"has_location":false,"update_date":"2026-04-08T00:14:36","atum_locations":[],"atum_stock_status":"instock","restock_status":false,"low_stock_amount":"","sales_update_date":"2026-04-08T00:14:36","calc_backorders":null,"aioseo_notices":[],"taxonomy_info":{"product_cat":[{"value":783,"label":"2025"},{"value":162,"label":"\u010casopisy"}]},"featured_image_src_large":["https:\/\/www.motorjournal.cz\/wp-content\/uploads\/2025\/09\/MJ_2025_09-1.jpg",595,841,false],"author_info":[],"comment_info":"","_links":{"self":[{"href":"https:\/\/www.motorjournal.cz\/en\/wp-json\/wp\/v2\/product\/40851","targetHints":{"allow":["GET"]}}],"collection":[{"href":"https:\/\/www.motorjournal.cz\/en\/wp-json\/wp\/v2\/product"}],"about":[{"href":"https:\/\/www.motorjournal.cz\/en\/wp-json\/wp\/v2\/types\/product"}],"wp:featuredmedia":[{"embeddable":true,"href":"https:\/\/www.motorjournal.cz\/en\/wp-json\/wp\/v2\/media\/40841"}],"wp:attachment":[{"href":"https:\/\/www.motorjournal.cz\/en\/wp-json\/wp\/v2\/media?parent=40851"}],"wp:term":[{"taxonomy":"product_brand","embeddable":true,"href":"https:\/\/www.motorjournal.cz\/en\/wp-json\/wp\/v2\/product_brand?post=40851"},{"taxonomy":"product_cat","embeddable":true,"href":"https:\/\/www.motorjournal.cz\/en\/wp-json\/wp\/v2\/product_cat?post=40851"},{"taxonomy":"product_tag","embeddable":true,"href":"https:\/\/www.motorjournal.cz\/en\/wp-json\/wp\/v2\/product_tag?post=40851"}],"curies":[{"name":"wp","href":"https:\/\/api.w.org\/{rel}","templated":true}]}}