{"id":40983,"date":"2025-10-13T11:34:21","date_gmt":"2025-10-13T10:34:21","guid":{"rendered":"https:\/\/www.motorjournal.cz\/?post_type=product&#038;p=40983"},"modified":"2025-11-04T15:23:44","modified_gmt":"2025-11-04T14:23:44","slug":"vaz-2101-2102-navod-k-provozu-a-obsluze-2","status":"publish","type":"product","link":"https:\/\/www.motorjournal.cz\/en\/product\/vaz-2101-2102-navod-k-provozu-a-obsluze-2\/","title":{"rendered":"VAZ 2101, 2102 Operation and Maintenance Manual"},"content":{"rendered":"<p>&nbsp;<\/p>\n<p>Year of publication: 1974<br \/>\nPublisher: Autoexport Moscow<br \/>\nBinding: V3<br \/>\nFormat: 150 x 205 mm<br \/>\nNumber of pages: 112<br \/>\nCondition: good<\/p>","protected":false},"excerpt":{"rendered":"<p>&nbsp; Year of publication: 1974 Publisher: Autoexport Moskva Binding: V3 Format: 150 x 205 mm Number of pages: 112 Condition: good<\/p>","protected":false},"featured_media":40984,"template":"","meta":{"kt_blocks_editor_width":"","_kad_blocks_custom_css":"","_kad_blocks_head_custom_js":"","_kad_blocks_body_custom_js":"","_kad_blocks_footer_custom_js":""},"product_brand":[],"product_cat":[317,365],"product_tag":[352,391,459],"class_list":{"0":"post-40983","1":"product","2":"type-product","3":"status-publish","4":"has-post-thumbnail","6":"product_cat-antikvariat","7":"product_cat-antikvariat-manualy-seznamy-nahradnich-dilu","8":"product_tag-automobily","9":"product_tag-vaz","10":"product_tag-ziguli","12":"first","13":"instock","14":"sale","15":"taxable","16":"shipping-taxable","17":"purchasable","18":"product-type-simple"},"supplier_id":null,"supplier_sku":"","barcode":null,"atum_controlled":false,"out_stock_date":null,"out_stock_threshold":null,"inheritable":false,"inbound_stock":null,"stock_on_hold":0,"sold_today":0,"sales_last_days":0,"reserved_stock":null,"customer_returns":null,"warehouse_damage":null,"lost_in_post":null,"other_logs":null,"out_stock_days":0,"lost_sales":0,"has_location":false,"update_date":"2026-04-04T00:06:22","atum_locations":[],"atum_stock_status":"instock","restock_status":false,"low_stock_amount":"","sales_update_date":"2026-04-04T00:06:22","calc_backorders":null,"aioseo_notices":[],"taxonomy_info":{"product_cat":[{"value":317,"label":"Antikvari\u00e1t"},{"value":365,"label":"Antikvari\u00e1t manu\u00e1ly, seznamy n\u00e1hradn\u00edch d\u00edl\u016f"}],"product_tag":[{"value":352,"label":"Automobily"},{"value":391,"label":"VAZ"},{"value":459,"label":"\u017eiguli"}]},"featured_image_src_large":["https:\/\/www.motorjournal.cz\/wp-content\/uploads\/2025\/10\/A1257_VAZ2101-1-756x1024.jpg",756,1024,true],"author_info":[],"comment_info":"","_links":{"self":[{"href":"https:\/\/www.motorjournal.cz\/en\/wp-json\/wp\/v2\/product\/40983","targetHints":{"allow":["GET"]}}],"collection":[{"href":"https:\/\/www.motorjournal.cz\/en\/wp-json\/wp\/v2\/product"}],"about":[{"href":"https:\/\/www.motorjournal.cz\/en\/wp-json\/wp\/v2\/types\/product"}],"wp:featuredmedia":[{"embeddable":true,"href":"https:\/\/www.motorjournal.cz\/en\/wp-json\/wp\/v2\/media\/40984"}],"wp:attachment":[{"href":"https:\/\/www.motorjournal.cz\/en\/wp-json\/wp\/v2\/media?parent=40983"}],"wp:term":[{"taxonomy":"product_brand","embeddable":true,"href":"https:\/\/www.motorjournal.cz\/en\/wp-json\/wp\/v2\/product_brand?post=40983"},{"taxonomy":"product_cat","embeddable":true,"href":"https:\/\/www.motorjournal.cz\/en\/wp-json\/wp\/v2\/product_cat?post=40983"},{"taxonomy":"product_tag","embeddable":true,"href":"https:\/\/www.motorjournal.cz\/en\/wp-json\/wp\/v2\/product_tag?post=40983"}],"curies":[{"name":"wp","href":"https:\/\/api.w.org\/{rel}","templated":true}]}}