{"id":41011,"date":"2025-10-14T07:23:29","date_gmt":"2025-10-14T06:23:29","guid":{"rendered":"https:\/\/www.motorjournal.cz\/?post_type=product&#038;p=41011"},"modified":"2025-11-09T21:39:20","modified_gmt":"2025-11-09T20:39:20","slug":"motor-journal-10-2025","status":"publish","type":"product","link":"https:\/\/www.motorjournal.cz\/en\/product\/motor-journal-10-2025\/","title":{"rendered":"Motor Journal 10\/2025"},"content":{"rendered":"<p>Traditionally, in the section <strong>Miscellaneous news<\/strong> It is mainly dedicated to round October anniversaries with dates ending in 5. We commemorate personalities, races, car shows, news and new books.<br \/>\nThe following report from a business trip was written 55 years ago by Mr. <strong>Alois Holzer<\/strong>, production director of the company Motor Industries International, which assembled \u0160koda cars from imported parts in New Zealand. The report was preserved in the archive of Mr. Josef Kaplan Jr., whose father trained local dealers and started assembling \u0160koda 100 cars in New Zealand. He was nicknamed \u201eMr. \u0160koda\u201c by local mechanics. Franti\u0161ek Kope\u010dn\u00fd, an employee of Motokov mentioned several times in the text, was in charge of Australia and New Zealand in this foreign trade company.<br \/>\nWhile acquiring image material for the book &quot;Our Motorcycle Import&quot;, I obtained a scan of a period photograph of a female rider on a remarkable motorcycle with a Prague license plate from the system used after 1932. It is a frame with a fork from an English OEC motorcycle from the second half of the 1920s, fitted with a very unusual four-stroke engine. <strong>Barr &amp; Stroud slide valve motor<\/strong> 500 cm3. No contemporary literature or contemporary Czech advertising by the importer states that OEC also used B &amp; S engines. Likewise, there is no mention in the preserved part of the B &amp; S archive of engine deliveries to OEC.<br \/>\nIn September 2012, articulated buses were last operated in regular service in the Czech Republic. <strong>Ikarus type buses<\/strong> 280. These legendary blue line buses and, conversely, red city buses, which passengers sometimes referred to in slang as &quot;\u010dabajky&quot; or &quot;accordions&quot;, have been adding color to a number of Czech and Slovak cities and regions for many years.<br \/>\nRadiator mascots or emblems are usually intended to indicate the power and speed of a particular car brand. Car manufacturer <strong>Gordon-Keeble<\/strong> He had a sense of humor, so he placed a turtle on the front of his car, but a V8 under the hood.<br \/>\nCalendar of events, private and commercial advertising, that&#039;s the content of the last pages of this year&#039;s next issue <strong>Journal Engine<\/strong>.<\/p>","protected":false},"excerpt":{"rendered":"<p>Editorial: And autumn is here again<br \/>\nMiscellaneous news<br \/>\nKarl Rabe<br \/>\n1925 French Motorcycle Club Grand Prix<br \/>\nSpeed races at Arpajon 1925<br \/>\nLondon Motor Show 1935<br \/>\nInternational Motor Show in Prague 1935<br \/>\n\u010cAMS motorcycle races at the exhibition grounds 1935<br \/>\nNew Citro\u00ebn DS19 (1955)<br \/>\nLondon\u2013Prague on a BSA 1925\/2025 motorcycle<br \/>\nPavel N\u00e1roda, eighty years old<br \/>\nUpcoming auctions Retro Garage<br \/>\nMotoclassic Wroclaw at Topacz Castle<br \/>\nHradec Kr\u00e1lov\u00e9 Rally \u2013 this year marks its 800th anniversary<br \/>\nZbraslav\u2013J\u00edlovi\u0161t\u011b 2025<br \/>\nSolo Brescia 2025 from Beaune to Angoul\u00eame<br \/>\nCompetitors&#039; training camp in P\u00edstovice<br \/>\nRecord-breaking Sunbeam 1000 hp<br \/>\nGoodwood Revival 2025<br \/>\nTarga Florio 2025<br \/>\nReport on the visit to Motokov<br \/>\nBarr &amp; Stroud slide valves<br \/>\nHe dedicated his life to the Hungarian &quot;chabayka&quot; (Milan Jiro\u0161)<br \/>\nExpedition Robot<br \/>\nWheeled Expedition 2025, I.<br \/>\n\u0160umava 2025 Competition<br \/>\nVintage Salon - Gordon\u2011Keeble GT<br \/>\nBonhams at the Goodwood Revival<br \/>\nBrightwells Online Auction<br \/>\nDAF Museum Eindhoven<br \/>\nCalendar of events and advertising<br \/>\nBooks<\/p>","protected":false},"featured_media":40994,"template":"","meta":{"kt_blocks_editor_width":"","_kad_blocks_custom_css":"","_kad_blocks_head_custom_js":"","_kad_blocks_body_custom_js":"","_kad_blocks_footer_custom_js":""},"product_brand":[],"product_cat":[783,162],"product_tag":[],"class_list":{"0":"post-41011","1":"product","2":"type-product","3":"status-publish","4":"has-post-thumbnail","6":"product_cat-783","7":"product_cat-casopisy","9":"first","10":"instock","11":"taxable","12":"shipping-taxable","13":"purchasable","14":"product-type-simple"},"supplier_id":null,"supplier_sku":"","barcode":null,"atum_controlled":true,"out_stock_date":null,"out_stock_threshold":null,"inheritable":false,"inbound_stock":0,"stock_on_hold":0,"sold_today":0,"sales_last_days":0,"reserved_stock":0,"customer_returns":0,"warehouse_damage":0,"lost_in_post":0,"other_logs":0,"out_stock_days":0,"lost_sales":0,"has_location":false,"update_date":"2026-04-05T00:06:59","atum_locations":[],"atum_stock_status":"instock","restock_status":false,"low_stock_amount":"","sales_update_date":"2026-04-05T00:06:59","calc_backorders":null,"aioseo_notices":[],"taxonomy_info":{"product_cat":[{"value":783,"label":"2025"},{"value":162,"label":"\u010casopisy"}]},"featured_image_src_large":["https:\/\/www.motorjournal.cz\/wp-content\/uploads\/2025\/10\/MJ_2025_10-1.jpg",595,841,false],"author_info":[],"comment_info":"","_links":{"self":[{"href":"https:\/\/www.motorjournal.cz\/en\/wp-json\/wp\/v2\/product\/41011","targetHints":{"allow":["GET"]}}],"collection":[{"href":"https:\/\/www.motorjournal.cz\/en\/wp-json\/wp\/v2\/product"}],"about":[{"href":"https:\/\/www.motorjournal.cz\/en\/wp-json\/wp\/v2\/types\/product"}],"wp:featuredmedia":[{"embeddable":true,"href":"https:\/\/www.motorjournal.cz\/en\/wp-json\/wp\/v2\/media\/40994"}],"wp:attachment":[{"href":"https:\/\/www.motorjournal.cz\/en\/wp-json\/wp\/v2\/media?parent=41011"}],"wp:term":[{"taxonomy":"product_brand","embeddable":true,"href":"https:\/\/www.motorjournal.cz\/en\/wp-json\/wp\/v2\/product_brand?post=41011"},{"taxonomy":"product_cat","embeddable":true,"href":"https:\/\/www.motorjournal.cz\/en\/wp-json\/wp\/v2\/product_cat?post=41011"},{"taxonomy":"product_tag","embeddable":true,"href":"https:\/\/www.motorjournal.cz\/en\/wp-json\/wp\/v2\/product_tag?post=41011"}],"curies":[{"name":"wp","href":"https:\/\/api.w.org\/{rel}","templated":true}]}}