{"id":41625,"date":"2025-12-01T11:41:44","date_gmt":"2025-12-01T10:41:44","guid":{"rendered":"https:\/\/www.motorjournal.cz\/?post_type=product&#038;p=41625"},"modified":"2026-01-11T18:20:22","modified_gmt":"2026-01-11T17:20:22","slug":"motor-journal-12-2025","status":"publish","type":"product","link":"https:\/\/www.motorjournal.cz\/en\/product\/motor-journal-12-2025\/","title":{"rendered":"Motor Journal 12\/2025"},"content":{"rendered":"<p>Traditionally, in the section <strong>Miscellaneous news<\/strong> It is mainly dedicated to round December anniversaries with dates ending in 5. We commemorate personalities, races, car shows, news and new books.<br \/>\n<strong>Targa Florio 2025<\/strong> or a journey to discover the Czechoslovak footprint left by Mrs. Eli\u0161ka Junkov\u00e1 in the most difficult race on the European continent \u2013 Targa Florio.<br \/>\n<strong>Harry Miller<\/strong> was, according to automotive historian Griffith Borgeson, \u201esimply the most creative figure in the history of American racing cars.\u201c His engines dominated American ovals for nearly half a century. All of his products are crafted with immense care and ingenuity.<br \/>\nThe Kop\u0159ivnice-based Tatra automobile company is one of the oldest in Europe. One of the most important cars in its rich history is <strong>passenger car Tatra 12<\/strong>, which followed the successful Tatra 11 model from 1923. The improved Tatra 12 model was produced from 1927 to 1934.<br \/>\n<strong>Vlastimil Jenik<\/strong>, a successful motorcycle racer from Central Bohemia in his time, was born on April 27, 1941. He first tried motocross, but there weren&#039;t many opportunities in the Pod\u011bbrady area where he lived. He started racing road motorcycles relatively late, at the age of 28.<br \/>\nFrom November 7 to 9, the 46th vintage vehicle exhibition and spare parts exchange took place in Lyon. <strong>Epoqu&#039;Auto<\/strong>. Around one hundred thousand people gather here every year. The program also includes an auction, which was organized by the French auction house Osenat on November 9. 75 cars were sold and by the evening more than half of them had changed hands.<br \/>\nOn Saturday, November 15, 2025, the traditional autumn fair took place at the exhibition center in Lys\u00e1 nad Labem. <strong>Retro Garage<\/strong>, during which the 19th auction of historic vehicles took place. 98 % items were sold for a total price of almost CZK 15.7 million, which is the highest ever.<br \/>\nCalendar of events, private and commercial advertising, that&#039;s the content of the last pages of this year&#039;s next issue <strong>Motor Journal.<\/strong><\/p>","protected":false},"excerpt":{"rendered":"<p>Editorial: We need to prepare the wood and light the fire!<br \/>\nMiscellaneous news<br \/>\nParis Motor Show 1905<br \/>\n100 kilometers through Paris 1905<br \/>\nBilly Arnold<br \/>\nBrother da Silva Ramos<br \/>\nLorenzo Bandini<br \/>\nRAC Historic Awards 2025<br \/>\nStru\u010dn\u00fd pr\u016fvodce po&nbsp;motoristick\u00fdch muze\u00edch a&nbsp;sb\u00edrk\u00e1ch \u2013 Mus\u00e9e du circuit de Spa\u2013Francorchamps (B)<br \/>\nOldtimer Grand Prix Schwanenstadt 2025<br \/>\n30 let od halov\u00fdch motokros\u016f v&nbsp;Rondu<br \/>\nExhibition Auto Moto Bike from the collection of Ji\u0159\u00ed \u010cern\u00fd<br \/>\nTarga Florio 2025<br \/>\nGeorge Klein (1935\u20132025)<br \/>\nHarry Arminius Miller<br \/>\nVintage show: Tatra 12 (1927)<br \/>\nVlastimil Jenik<br \/>\nAuction \u2013 Osenat in Lyon<br \/>\nAutumn auction of vintage vehicles Retro Garage<br \/>\nPearls for Anton Tk\u00e1\u010d<br \/>\nLe Mans Museum<br \/>\nBritsk\u00e9 motocykly v&nbsp;arnhemsk\u00e9m pekle<br \/>\nCalendar of events and advertising<br \/>\nBooks<\/p>","protected":false},"featured_media":41607,"template":"","meta":{"kt_blocks_editor_width":"","_kad_blocks_custom_css":"","_kad_blocks_head_custom_js":"","_kad_blocks_body_custom_js":"","_kad_blocks_footer_custom_js":""},"product_brand":[],"product_cat":[783,162],"product_tag":[],"class_list":{"0":"post-41625","1":"product","2":"type-product","3":"status-publish","4":"has-post-thumbnail","6":"product_cat-783","7":"product_cat-casopisy","9":"first","10":"instock","11":"taxable","12":"shipping-taxable","13":"purchasable","14":"product-type-simple"},"supplier_id":null,"supplier_sku":"","barcode":null,"atum_controlled":true,"out_stock_date":null,"out_stock_threshold":null,"inheritable":false,"inbound_stock":0,"stock_on_hold":0,"sold_today":0,"sales_last_days":0,"reserved_stock":0,"customer_returns":0,"warehouse_damage":0,"lost_in_post":0,"other_logs":0,"out_stock_days":0,"lost_sales":0,"has_location":false,"update_date":"2026-04-04T00:06:49","atum_locations":[],"atum_stock_status":"instock","restock_status":false,"low_stock_amount":"","sales_update_date":"2026-04-04T00:06:49","calc_backorders":null,"aioseo_notices":[],"taxonomy_info":{"product_cat":[{"value":783,"label":"2025"},{"value":162,"label":"\u010casopisy"}]},"featured_image_src_large":["https:\/\/www.motorjournal.cz\/wp-content\/uploads\/2025\/12\/MJ_2025_12-1.jpg",595,841,false],"author_info":[],"comment_info":"","_links":{"self":[{"href":"https:\/\/www.motorjournal.cz\/en\/wp-json\/wp\/v2\/product\/41625","targetHints":{"allow":["GET"]}}],"collection":[{"href":"https:\/\/www.motorjournal.cz\/en\/wp-json\/wp\/v2\/product"}],"about":[{"href":"https:\/\/www.motorjournal.cz\/en\/wp-json\/wp\/v2\/types\/product"}],"wp:featuredmedia":[{"embeddable":true,"href":"https:\/\/www.motorjournal.cz\/en\/wp-json\/wp\/v2\/media\/41607"}],"wp:attachment":[{"href":"https:\/\/www.motorjournal.cz\/en\/wp-json\/wp\/v2\/media?parent=41625"}],"wp:term":[{"taxonomy":"product_brand","embeddable":true,"href":"https:\/\/www.motorjournal.cz\/en\/wp-json\/wp\/v2\/product_brand?post=41625"},{"taxonomy":"product_cat","embeddable":true,"href":"https:\/\/www.motorjournal.cz\/en\/wp-json\/wp\/v2\/product_cat?post=41625"},{"taxonomy":"product_tag","embeddable":true,"href":"https:\/\/www.motorjournal.cz\/en\/wp-json\/wp\/v2\/product_tag?post=41625"}],"curies":[{"name":"wp","href":"https:\/\/api.w.org\/{rel}","templated":true}]}}