{"id":41696,"date":"2025-12-23T13:41:17","date_gmt":"2025-12-23T12:41:17","guid":{"rendered":"https:\/\/www.motorjournal.cz\/?post_type=product&#038;p=41696"},"modified":"2025-12-23T13:41:17","modified_gmt":"2025-12-23T12:41:17","slug":"skoda-1000-mb-navod-k-obsluze-a-udrzbe","status":"publish","type":"product","link":"https:\/\/www.motorjournal.cz\/en\/product\/skoda-1000-mb-navod-k-obsluze-a-udrzbe\/","title":{"rendered":"Skoda 1000 MB Operation and Maintenance Manual"},"content":{"rendered":"<p>VIIIth edition<\/p>\n<p>Year of publication: 1965<br \/>\nPublisher: AZNP Mlad\u00e1 Boleslav<br \/>\nBinding: glued in soft covers<br \/>\nFormat: 115 x 205 mm<br \/>\nNumber of pages: 91<br \/>\nCondition: good, felt<\/p>","protected":false},"excerpt":{"rendered":"<p>Author: Vincenc Bata<\/p>","protected":false},"featured_media":41699,"template":"","meta":{"kt_blocks_editor_width":"","_kad_blocks_custom_css":"","_kad_blocks_head_custom_js":"","_kad_blocks_body_custom_js":"","_kad_blocks_footer_custom_js":""},"product_brand":[],"product_cat":[317,347,365],"product_tag":[352,224],"class_list":{"0":"post-41696","1":"product","2":"type-product","3":"status-publish","4":"has-post-thumbnail","6":"product_cat-antikvariat","7":"product_cat-antikvariat-knihy","8":"product_cat-antikvariat-manualy-seznamy-nahradnich-dilu","9":"product_tag-automobily","10":"product_tag-skoda","12":"first","13":"instock","14":"sale","15":"taxable","16":"shipping-taxable","17":"purchasable","18":"product-type-simple"},"supplier_id":null,"supplier_sku":"","barcode":null,"atum_controlled":false,"out_stock_date":null,"out_stock_threshold":null,"inheritable":false,"inbound_stock":0,"stock_on_hold":0,"sold_today":0,"sales_last_days":0,"reserved_stock":0,"customer_returns":0,"warehouse_damage":0,"lost_in_post":0,"other_logs":0,"out_stock_days":0,"lost_sales":0,"has_location":false,"update_date":"2026-04-05T00:07:06","atum_locations":[],"atum_stock_status":"instock","restock_status":false,"low_stock_amount":"","sales_update_date":"2026-04-05T00:07:06","calc_backorders":null,"aioseo_notices":[],"taxonomy_info":{"product_cat":[{"value":317,"label":"Antikvari\u00e1t"},{"value":347,"label":"Antikvari\u00e1t knihy"},{"value":365,"label":"Antikvari\u00e1t manu\u00e1ly, seznamy n\u00e1hradn\u00edch d\u00edl\u016f"}],"product_tag":[{"value":352,"label":"Automobily"},{"value":224,"label":"\u0160koda"}]},"featured_image_src_large":["https:\/\/www.motorjournal.cz\/wp-content\/uploads\/2025\/12\/A1271_skoda1000mb-1-1-603x1024.jpg",603,1024,true],"author_info":[],"comment_info":"","_links":{"self":[{"href":"https:\/\/www.motorjournal.cz\/en\/wp-json\/wp\/v2\/product\/41696","targetHints":{"allow":["GET"]}}],"collection":[{"href":"https:\/\/www.motorjournal.cz\/en\/wp-json\/wp\/v2\/product"}],"about":[{"href":"https:\/\/www.motorjournal.cz\/en\/wp-json\/wp\/v2\/types\/product"}],"wp:featuredmedia":[{"embeddable":true,"href":"https:\/\/www.motorjournal.cz\/en\/wp-json\/wp\/v2\/media\/41699"}],"wp:attachment":[{"href":"https:\/\/www.motorjournal.cz\/en\/wp-json\/wp\/v2\/media?parent=41696"}],"wp:term":[{"taxonomy":"product_brand","embeddable":true,"href":"https:\/\/www.motorjournal.cz\/en\/wp-json\/wp\/v2\/product_brand?post=41696"},{"taxonomy":"product_cat","embeddable":true,"href":"https:\/\/www.motorjournal.cz\/en\/wp-json\/wp\/v2\/product_cat?post=41696"},{"taxonomy":"product_tag","embeddable":true,"href":"https:\/\/www.motorjournal.cz\/en\/wp-json\/wp\/v2\/product_tag?post=41696"}],"curies":[{"name":"wp","href":"https:\/\/api.w.org\/{rel}","templated":true}]}}