{"id":41727,"date":"2026-01-02T14:05:33","date_gmt":"2026-01-02T13:05:33","guid":{"rendered":"https:\/\/www.motorjournal.cz\/?post_type=product&#038;p=41727"},"modified":"2026-01-02T14:44:35","modified_gmt":"2026-01-02T13:44:35","slug":"seznam-nahradnich-soucasti-jawa-cz-125-175","status":"publish","type":"product","link":"https:\/\/www.motorjournal.cz\/en\/product\/seznam-nahradnich-soucasti-jawa-cz-125-175\/","title":{"rendered":"List of spare parts Jawa-\u010cZ 125 \u2013 175"},"content":{"rendered":"<p>3rd edition<\/p>\n<p>Year of publication: 1957<br \/>\nPublisher: \u010cZM<br \/>\nBinding: glued in soft covers<br \/>\nFormat: 150 x 210 mm<br \/>\nNumber of pages: 73<br \/>\nCondition: very good<\/p>","protected":false},"excerpt":{"rendered":"<p>3rd edition Year of publication: 1957 Publisher: \u010cZM Binding: glued in soft covers Format: 150 x 210 mm Number of pages: 73 Condition: very good<\/p>","protected":false},"featured_media":41728,"template":"","meta":{"kt_blocks_editor_width":"","_kad_blocks_custom_css":"","_kad_blocks_head_custom_js":"","_kad_blocks_body_custom_js":"","_kad_blocks_footer_custom_js":""},"product_brand":[],"product_cat":[317,365],"product_tag":[227,353],"class_list":{"0":"post-41727","1":"product","2":"type-product","3":"status-publish","4":"has-post-thumbnail","6":"product_cat-antikvariat","7":"product_cat-antikvariat-manualy-seznamy-nahradnich-dilu","8":"product_tag-jawa","9":"product_tag-motocykly","11":"first","12":"instock","13":"sale","14":"taxable","15":"shipping-taxable","16":"purchasable","17":"product-type-simple"},"supplier_id":null,"supplier_sku":"","barcode":null,"atum_controlled":false,"out_stock_date":null,"out_stock_threshold":null,"inheritable":false,"inbound_stock":null,"stock_on_hold":0,"sold_today":0,"sales_last_days":0,"reserved_stock":null,"customer_returns":null,"warehouse_damage":null,"lost_in_post":null,"other_logs":null,"out_stock_days":0,"lost_sales":0,"has_location":false,"update_date":"2026-04-05T00:06:57","atum_locations":[],"atum_stock_status":"instock","restock_status":false,"low_stock_amount":"","sales_update_date":"2026-04-05T00:06:57","calc_backorders":null,"aioseo_notices":[],"taxonomy_info":{"product_cat":[{"value":317,"label":"Antikvari\u00e1t"},{"value":365,"label":"Antikvari\u00e1t manu\u00e1ly, seznamy n\u00e1hradn\u00edch d\u00edl\u016f"}],"product_tag":[{"value":227,"label":"Jawa"},{"value":353,"label":"Motocykly"}]},"featured_image_src_large":["https:\/\/www.motorjournal.cz\/wp-content\/uploads\/2026\/01\/A1275_seznam-jawa-1-750x1024.jpg",750,1024,true],"author_info":[],"comment_info":"","_links":{"self":[{"href":"https:\/\/www.motorjournal.cz\/en\/wp-json\/wp\/v2\/product\/41727","targetHints":{"allow":["GET"]}}],"collection":[{"href":"https:\/\/www.motorjournal.cz\/en\/wp-json\/wp\/v2\/product"}],"about":[{"href":"https:\/\/www.motorjournal.cz\/en\/wp-json\/wp\/v2\/types\/product"}],"wp:featuredmedia":[{"embeddable":true,"href":"https:\/\/www.motorjournal.cz\/en\/wp-json\/wp\/v2\/media\/41728"}],"wp:attachment":[{"href":"https:\/\/www.motorjournal.cz\/en\/wp-json\/wp\/v2\/media?parent=41727"}],"wp:term":[{"taxonomy":"product_brand","embeddable":true,"href":"https:\/\/www.motorjournal.cz\/en\/wp-json\/wp\/v2\/product_brand?post=41727"},{"taxonomy":"product_cat","embeddable":true,"href":"https:\/\/www.motorjournal.cz\/en\/wp-json\/wp\/v2\/product_cat?post=41727"},{"taxonomy":"product_tag","embeddable":true,"href":"https:\/\/www.motorjournal.cz\/en\/wp-json\/wp\/v2\/product_tag?post=41727"}],"curies":[{"name":"wp","href":"https:\/\/api.w.org\/{rel}","templated":true}]}}