{"id":41749,"date":"2026-01-06T10:17:46","date_gmt":"2026-01-06T09:17:46","guid":{"rendered":"https:\/\/www.motorjournal.cz\/?post_type=product&#038;p=41749"},"modified":"2026-01-06T11:17:48","modified_gmt":"2026-01-06T10:17:48","slug":"s-fabii-mezi-dravci","status":"publish","type":"product","link":"https:\/\/www.motorjournal.cz\/en\/product\/s-fabii-mezi-dravci\/","title":{"rendered":"With Fabia among the predators"},"content":{"rendered":"<p><span class=\"end_text et_391224\">A book about Jan Kopeck\u00fd&#039;s journey to the top of the world&#039;s motor racing scene. It also contains brief biographies of his greatest rivals and a number of large photographs from world competitions. The text is in Czech and English.<br \/>\n<\/span><\/p>\n<p>Year of release: 2009<br \/>\nPublisher: Uniprint Rychnov n. Kn\u011b\u017enou<br \/>\nBinding: sewn in hardcover<br \/>\nFormat: 300 x 215 mm<br \/>\nNumber of pages: 112<br \/>\nCondition: good, scratches on the boards<\/p>","protected":false},"excerpt":{"rendered":"<p>Author: Dalibor Janek<\/p>","protected":false},"featured_media":41750,"template":"","meta":{"kt_blocks_editor_width":"","_kad_blocks_custom_css":"","_kad_blocks_head_custom_js":"","_kad_blocks_body_custom_js":"","_kad_blocks_footer_custom_js":""},"product_brand":[],"product_cat":[317,347],"product_tag":[352,351,224,229],"class_list":{"0":"post-41749","1":"product","2":"type-product","3":"status-publish","4":"has-post-thumbnail","6":"product_cat-antikvariat","7":"product_cat-antikvariat-knihy","8":"product_tag-automobily","9":"product_tag-osobnosti","10":"product_tag-skoda","11":"product_tag-zavody","13":"first","14":"instock","15":"sale","16":"taxable","17":"shipping-taxable","18":"purchasable","19":"product-type-simple"},"supplier_id":null,"supplier_sku":"","barcode":null,"atum_controlled":false,"out_stock_date":null,"out_stock_threshold":null,"inheritable":false,"inbound_stock":null,"stock_on_hold":0,"sold_today":0,"sales_last_days":0,"reserved_stock":null,"customer_returns":null,"warehouse_damage":null,"lost_in_post":null,"other_logs":null,"out_stock_days":0,"lost_sales":0,"has_location":false,"update_date":"2026-04-04T00:06:44","atum_locations":[],"atum_stock_status":"instock","restock_status":false,"low_stock_amount":"","sales_update_date":"2026-04-04T00:06:44","calc_backorders":null,"aioseo_notices":[],"taxonomy_info":{"product_cat":[{"value":317,"label":"Antikvari\u00e1t"},{"value":347,"label":"Antikvari\u00e1t knihy"}],"product_tag":[{"value":352,"label":"Automobily"},{"value":351,"label":"Osobnosti"},{"value":224,"label":"\u0160koda"},{"value":229,"label":"z\u00e1vody"}]},"featured_image_src_large":["https:\/\/www.motorjournal.cz\/wp-content\/uploads\/2026\/01\/A1277_sfabii-1-1024x740.jpg",1024,740,true],"author_info":[],"comment_info":"","_links":{"self":[{"href":"https:\/\/www.motorjournal.cz\/en\/wp-json\/wp\/v2\/product\/41749","targetHints":{"allow":["GET"]}}],"collection":[{"href":"https:\/\/www.motorjournal.cz\/en\/wp-json\/wp\/v2\/product"}],"about":[{"href":"https:\/\/www.motorjournal.cz\/en\/wp-json\/wp\/v2\/types\/product"}],"wp:featuredmedia":[{"embeddable":true,"href":"https:\/\/www.motorjournal.cz\/en\/wp-json\/wp\/v2\/media\/41750"}],"wp:attachment":[{"href":"https:\/\/www.motorjournal.cz\/en\/wp-json\/wp\/v2\/media?parent=41749"}],"wp:term":[{"taxonomy":"product_brand","embeddable":true,"href":"https:\/\/www.motorjournal.cz\/en\/wp-json\/wp\/v2\/product_brand?post=41749"},{"taxonomy":"product_cat","embeddable":true,"href":"https:\/\/www.motorjournal.cz\/en\/wp-json\/wp\/v2\/product_cat?post=41749"},{"taxonomy":"product_tag","embeddable":true,"href":"https:\/\/www.motorjournal.cz\/en\/wp-json\/wp\/v2\/product_tag?post=41749"}],"curies":[{"name":"wp","href":"https:\/\/api.w.org\/{rel}","templated":true}]}}