{"id":41777,"date":"2026-01-06T12:14:09","date_gmt":"2026-01-06T11:14:09","guid":{"rendered":"https:\/\/www.motorjournal.cz\/?post_type=product&#038;p=41777"},"modified":"2026-01-06T12:27:26","modified_gmt":"2026-01-06T11:27:26","slug":"fim-annuaire-1987","status":"publish","type":"product","link":"https:\/\/www.motorjournal.cz\/en\/product\/fim-annuaire-1987\/","title":{"rendered":"FIM Yearbook 1987"},"content":{"rendered":"<p><span class=\"end_text et_391224\">International Motorcycling Federation Yearbook. Contains 1986 results and 1987 race calendar<br \/>\n<\/span><\/p>\n<p>Year of publication: 1987<br \/>\nPublisher: FIM<br \/>\nBinding: Glued in soft boards<br \/>\nFormat: 125 x 180 mm<br \/>\nNumber of pages: 248<br \/>\nCondition: excellent<\/p>","protected":false},"excerpt":{"rendered":"<p>International Motorcycling Federation Yearbook. Contains the results of 1986 and the calendar of races for 1987. Year of publication: 1987. Publisher: FIM. Binding: Softcover. Format: 125 x 180 mm. Number of pages: 248. Condition: excellent.<\/p>","protected":false},"featured_media":41779,"template":"","meta":{"kt_blocks_editor_width":"","_kad_blocks_custom_css":"","_kad_blocks_head_custom_js":"","_kad_blocks_body_custom_js":"","_kad_blocks_footer_custom_js":""},"product_brand":[],"product_cat":[317,347],"product_tag":[353,351,229],"class_list":{"0":"post-41777","1":"product","2":"type-product","3":"status-publish","4":"has-post-thumbnail","6":"product_cat-antikvariat","7":"product_cat-antikvariat-knihy","8":"product_tag-motocykly","9":"product_tag-osobnosti","10":"product_tag-zavody","12":"first","13":"instock","14":"sale","15":"taxable","16":"shipping-taxable","17":"purchasable","18":"product-type-simple"},"supplier_id":null,"supplier_sku":"","barcode":null,"atum_controlled":false,"out_stock_date":null,"out_stock_threshold":null,"inheritable":false,"inbound_stock":null,"stock_on_hold":0,"sold_today":0,"sales_last_days":0,"reserved_stock":null,"customer_returns":null,"warehouse_damage":null,"lost_in_post":null,"other_logs":null,"out_stock_days":0,"lost_sales":0,"has_location":false,"update_date":"2026-04-04T00:06:49","atum_locations":[],"atum_stock_status":"instock","restock_status":false,"low_stock_amount":"","sales_update_date":"2026-04-04T00:06:49","calc_backorders":null,"aioseo_notices":[],"taxonomy_info":{"product_cat":[{"value":317,"label":"Antikvari\u00e1t"},{"value":347,"label":"Antikvari\u00e1t knihy"}],"product_tag":[{"value":353,"label":"Motocykly"},{"value":351,"label":"Osobnosti"},{"value":229,"label":"z\u00e1vody"}]},"featured_image_src_large":["https:\/\/www.motorjournal.cz\/wp-content\/uploads\/2026\/01\/A1282_annuaire87-1-718x1024.jpg",718,1024,true],"author_info":[],"comment_info":"","_links":{"self":[{"href":"https:\/\/www.motorjournal.cz\/en\/wp-json\/wp\/v2\/product\/41777","targetHints":{"allow":["GET"]}}],"collection":[{"href":"https:\/\/www.motorjournal.cz\/en\/wp-json\/wp\/v2\/product"}],"about":[{"href":"https:\/\/www.motorjournal.cz\/en\/wp-json\/wp\/v2\/types\/product"}],"wp:featuredmedia":[{"embeddable":true,"href":"https:\/\/www.motorjournal.cz\/en\/wp-json\/wp\/v2\/media\/41779"}],"wp:attachment":[{"href":"https:\/\/www.motorjournal.cz\/en\/wp-json\/wp\/v2\/media?parent=41777"}],"wp:term":[{"taxonomy":"product_brand","embeddable":true,"href":"https:\/\/www.motorjournal.cz\/en\/wp-json\/wp\/v2\/product_brand?post=41777"},{"taxonomy":"product_cat","embeddable":true,"href":"https:\/\/www.motorjournal.cz\/en\/wp-json\/wp\/v2\/product_cat?post=41777"},{"taxonomy":"product_tag","embeddable":true,"href":"https:\/\/www.motorjournal.cz\/en\/wp-json\/wp\/v2\/product_tag?post=41777"}],"curies":[{"name":"wp","href":"https:\/\/api.w.org\/{rel}","templated":true}]}}