{"id":41785,"date":"2026-01-07T09:28:52","date_gmt":"2026-01-07T08:28:52","guid":{"rendered":"https:\/\/www.motorjournal.cz\/?post_type=product&#038;p=41785"},"modified":"2026-01-07T09:58:33","modified_gmt":"2026-01-07T08:58:33","slug":"letem-motoristickym-svetem-1928-1939-2","status":"publish","type":"product","link":"https:\/\/www.motorjournal.cz\/en\/product\/letem-motoristickym-svetem-1928-1939-2\/","title":{"rendered":"A Flight Through the Motoring World 1928-1939"},"content":{"rendered":"<p><span class=\"end_text et_391224\"><span class=\"--x-mobile --x-print\">A pictorial memory of the 1930s contains 1270 period pictures with original texts, 98 period advertisements and 48 period jokes divided into chapters: By plane, by car<span class=\"expandable-inline-content__hidden\">mobile world, Flight through the motorcycle world, Automobile and motorcycle sports, competitions and records, Commercial vehicles, Automobile and famous personalities, Fashion and travel, Motoring and safety, Automobile, motorcycle and their production, Pel-mel of interesting facts and curiosities in our country and abroad, Flight through the world of motoring advertisements and a bit of motoring humor.<\/span><\/span><\/span><\/p>\n<p>Year of release: 2013<br \/>\nPublisher: Reprom<br \/>\nBinding: hardcover<br \/>\nFormat: 245 x 335 mm<br \/>\nNumber of pages: 262<br \/>\nCondition: excellent<\/p>","protected":false},"excerpt":{"rendered":"<p>author: Karel Mr\u00e1z, Petr Skuhrav\u00fd<\/p>","protected":false},"featured_media":2103,"template":"","meta":{"kt_blocks_editor_width":"","_kad_blocks_custom_css":"","_kad_blocks_head_custom_js":"","_kad_blocks_body_custom_js":"","_kad_blocks_footer_custom_js":""},"product_brand":[],"product_cat":[317,347],"product_tag":[352,353,361,351,422,229],"class_list":{"0":"post-41785","1":"product","2":"type-product","3":"status-publish","4":"has-post-thumbnail","6":"product_cat-antikvariat","7":"product_cat-antikvariat-knihy","8":"product_tag-automobily","9":"product_tag-motocykly","10":"product_tag-nakladni-automobily","11":"product_tag-osobnosti","12":"product_tag-prislusenstvi","13":"product_tag-zavody","15":"first","16":"instock","17":"sale","18":"taxable","19":"shipping-taxable","20":"purchasable","21":"product-type-simple"},"supplier_id":null,"supplier_sku":"","barcode":null,"atum_controlled":false,"out_stock_date":null,"out_stock_threshold":null,"inheritable":false,"inbound_stock":null,"stock_on_hold":0,"sold_today":0,"sales_last_days":0,"reserved_stock":null,"customer_returns":null,"warehouse_damage":null,"lost_in_post":null,"other_logs":null,"out_stock_days":0,"lost_sales":0,"has_location":false,"update_date":"2026-04-05T00:07:03","atum_locations":[],"atum_stock_status":"instock","restock_status":false,"low_stock_amount":"","sales_update_date":"2026-04-05T00:07:03","calc_backorders":null,"aioseo_notices":[],"taxonomy_info":{"product_cat":[{"value":317,"label":"Antikvari\u00e1t"},{"value":347,"label":"Antikvari\u00e1t knihy"}],"product_tag":[{"value":352,"label":"Automobily"},{"value":353,"label":"Motocykly"},{"value":361,"label":"N\u00e1kladn\u00ed automobily"},{"value":351,"label":"Osobnosti"},{"value":422,"label":"p\u0159\u00edslu\u0161enstv\u00ed"},{"value":229,"label":"z\u00e1vody"}]},"featured_image_src_large":["https:\/\/www.motorjournal.cz\/wp-content\/uploads\/2017\/03\/189-Letem-motor-svetem-tisk-725x1024.jpg",725,1024,true],"author_info":[],"comment_info":"","_links":{"self":[{"href":"https:\/\/www.motorjournal.cz\/en\/wp-json\/wp\/v2\/product\/41785","targetHints":{"allow":["GET"]}}],"collection":[{"href":"https:\/\/www.motorjournal.cz\/en\/wp-json\/wp\/v2\/product"}],"about":[{"href":"https:\/\/www.motorjournal.cz\/en\/wp-json\/wp\/v2\/types\/product"}],"wp:featuredmedia":[{"embeddable":true,"href":"https:\/\/www.motorjournal.cz\/en\/wp-json\/wp\/v2\/media\/2103"}],"wp:attachment":[{"href":"https:\/\/www.motorjournal.cz\/en\/wp-json\/wp\/v2\/media?parent=41785"}],"wp:term":[{"taxonomy":"product_brand","embeddable":true,"href":"https:\/\/www.motorjournal.cz\/en\/wp-json\/wp\/v2\/product_brand?post=41785"},{"taxonomy":"product_cat","embeddable":true,"href":"https:\/\/www.motorjournal.cz\/en\/wp-json\/wp\/v2\/product_cat?post=41785"},{"taxonomy":"product_tag","embeddable":true,"href":"https:\/\/www.motorjournal.cz\/en\/wp-json\/wp\/v2\/product_tag?post=41785"}],"curies":[{"name":"wp","href":"https:\/\/api.w.org\/{rel}","templated":true}]}}