{"id":41834,"date":"2026-01-09T11:54:39","date_gmt":"2026-01-09T10:54:39","guid":{"rendered":"https:\/\/www.motorjournal.cz\/?post_type=product&#038;p=41834"},"modified":"2026-01-09T12:25:38","modified_gmt":"2026-01-09T11:25:38","slug":"motocykl-1922-1923","status":"publish","type":"product","link":"https:\/\/www.motorjournal.cz\/en\/product\/motocykl-1922-1923\/","title":{"rendered":"Motorcycle 1922, 1923"},"content":{"rendered":"<p>The most widely distributed Czech motor sports magazine of the 1920s. First six issues from 1922 and complete 2nd volume from 1923, bound together.<\/p>\n<p>Year of publication: 1923<br \/>\nPublisher: Ing. F. Mar\u00edk<br \/>\nBinding: V2<br \/>\nFormat: 210 x 265 mm<br \/>\nNumber of pages:<br \/>\nCondition: very good<\/p>","protected":false},"excerpt":{"rendered":"<p>The most widely distributed Czech motor sports magazine of the 1920s. First six issues from 1922 and complete 2nd volume from 1923 bound together Year of publication: 1923 Publisher: Ing. F. Ma\u0159\u00edk Binding: V2 Format: 210 x 265 mm Number of pages: Condition: very good<\/p>","protected":false},"featured_media":41835,"template":"","meta":{"kt_blocks_editor_width":"","_kad_blocks_custom_css":"","_kad_blocks_head_custom_js":"","_kad_blocks_body_custom_js":"","_kad_blocks_footer_custom_js":""},"product_brand":[],"product_cat":[317,348],"product_tag":[509,353,378],"class_list":{"0":"post-41834","1":"product","2":"type-product","3":"status-publish","4":"has-post-thumbnail","6":"product_cat-antikvariat","7":"product_cat-antikvariat-casopisy","8":"product_tag-indian","9":"product_tag-motocykly","10":"product_tag-ucebnice","12":"first","13":"instock","14":"sale","15":"taxable","16":"shipping-taxable","17":"purchasable","18":"product-type-simple"},"supplier_id":null,"supplier_sku":"","barcode":null,"atum_controlled":false,"out_stock_date":null,"out_stock_threshold":null,"inheritable":false,"inbound_stock":null,"stock_on_hold":0,"sold_today":0,"sales_last_days":0,"reserved_stock":null,"customer_returns":null,"warehouse_damage":null,"lost_in_post":null,"other_logs":null,"out_stock_days":0,"lost_sales":0,"has_location":false,"update_date":"2026-04-05T00:07:00","atum_locations":[],"atum_stock_status":"instock","restock_status":false,"low_stock_amount":"","sales_update_date":"2026-04-05T00:07:00","calc_backorders":null,"aioseo_notices":[],"taxonomy_info":{"product_cat":[{"value":317,"label":"Antikvari\u00e1t"},{"value":348,"label":"Antikvari\u00e1t \u010dasopisy"}],"product_tag":[{"value":509,"label":"Indian"},{"value":353,"label":"Motocykly"},{"value":378,"label":"u\u010debnice"}]},"featured_image_src_large":["https:\/\/www.motorjournal.cz\/wp-content\/uploads\/2026\/01\/A1286_motocykl2223-1-778x1024.jpg",778,1024,true],"author_info":[],"comment_info":"","_links":{"self":[{"href":"https:\/\/www.motorjournal.cz\/en\/wp-json\/wp\/v2\/product\/41834","targetHints":{"allow":["GET"]}}],"collection":[{"href":"https:\/\/www.motorjournal.cz\/en\/wp-json\/wp\/v2\/product"}],"about":[{"href":"https:\/\/www.motorjournal.cz\/en\/wp-json\/wp\/v2\/types\/product"}],"wp:featuredmedia":[{"embeddable":true,"href":"https:\/\/www.motorjournal.cz\/en\/wp-json\/wp\/v2\/media\/41835"}],"wp:attachment":[{"href":"https:\/\/www.motorjournal.cz\/en\/wp-json\/wp\/v2\/media?parent=41834"}],"wp:term":[{"taxonomy":"product_brand","embeddable":true,"href":"https:\/\/www.motorjournal.cz\/en\/wp-json\/wp\/v2\/product_brand?post=41834"},{"taxonomy":"product_cat","embeddable":true,"href":"https:\/\/www.motorjournal.cz\/en\/wp-json\/wp\/v2\/product_cat?post=41834"},{"taxonomy":"product_tag","embeddable":true,"href":"https:\/\/www.motorjournal.cz\/en\/wp-json\/wp\/v2\/product_tag?post=41834"}],"curies":[{"name":"wp","href":"https:\/\/api.w.org\/{rel}","templated":true}]}}