{"id":41864,"date":"2026-01-09T15:25:28","date_gmt":"2026-01-09T14:25:28","guid":{"rendered":"https:\/\/www.motorjournal.cz\/?post_type=product&#038;p=41864"},"modified":"2026-02-04T06:51:11","modified_gmt":"2026-02-04T05:51:11","slug":"spalovaci-motor-a-pohonne-latky-1939","status":"publish","type":"product","link":"https:\/\/www.motorjournal.cz\/en\/product\/spalovaci-motor-a-pohonne-latky-1939\/","title":{"rendered":"Internal combustion engine and propellants 1939"},"content":{"rendered":"<p>A bound annual magazine dedicated to news in the field of engine technology, fuels and lubricants in the automotive and aviation industries.<\/p>\n<p>Year of publication: 1939<br \/>\nPublisher: Alcohol Monetization Society<br \/>\nBinding: sewn in hardcover<br \/>\nFormat: 220 x 290 mm<br \/>\nNumber of pages:<br \/>\nCondition: very good<\/p>","protected":false},"excerpt":{"rendered":"<p>Sv\u00e1zan\u00fd ro\u010dn\u00edk \u010dasopisu v\u011bnuj\u00edc\u00edho se novink\u00e1m z&nbsp;oboru technologie motor\u016f, paliv a&nbsp;maziv v&nbsp;automobilov\u00e9m a&nbsp;leteck\u00e9m pr\u016fmyslu. Rok vyd\u00e1n\u00ed: 1939 Nakladatel: Spole\u010dnost pro zpen\u011b\u017een\u00ed lihu Vazba: \u0161it\u00e1 v&nbsp;pevn\u00fdch desk\u00e1ch Form\u00e1t: 220 x 290 mm Po\u010det stran: Stav: velmi dobr\u00fd<\/p>","protected":false},"featured_media":41865,"template":"","meta":{"kt_blocks_editor_width":"","_kad_blocks_custom_css":"","_kad_blocks_head_custom_js":"","_kad_blocks_body_custom_js":"","_kad_blocks_footer_custom_js":""},"product_brand":[],"product_cat":[317,348],"product_tag":[352,885,883,884,353],"class_list":{"0":"post-41864","1":"product","2":"type-product","3":"status-publish","4":"has-post-thumbnail","6":"product_cat-antikvariat","7":"product_cat-antikvariat-casopisy","8":"product_tag-automobily","9":"product_tag-benzin-ropa","10":"product_tag-letadla","11":"product_tag-lih","12":"product_tag-motocykly","14":"first","15":"outofstock","16":"sale","17":"taxable","18":"shipping-taxable","19":"purchasable","20":"product-type-simple"},"supplier_id":null,"supplier_sku":"","barcode":null,"atum_controlled":false,"out_stock_date":null,"out_stock_threshold":null,"inheritable":false,"inbound_stock":null,"stock_on_hold":0,"sold_today":0,"sales_last_days":0,"reserved_stock":null,"customer_returns":null,"warehouse_damage":null,"lost_in_post":null,"other_logs":null,"out_stock_days":0,"lost_sales":0,"has_location":false,"update_date":"2026-04-11T00:27:38","atum_locations":[],"atum_stock_status":"outofstock","restock_status":false,"low_stock_amount":"","sales_update_date":"2026-04-11T00:27:38","calc_backorders":null,"aioseo_notices":[],"taxonomy_info":{"product_cat":[{"value":317,"label":"Antikvari\u00e1t"},{"value":348,"label":"Antikvari\u00e1t \u010dasopisy"}],"product_tag":[{"value":352,"label":"Automobily"},{"value":885,"label":"Benz\u00edn Ropa"},{"value":883,"label":"Letadla"},{"value":884,"label":"L\u00edh"},{"value":353,"label":"Motocykly"}]},"featured_image_src_large":["https:\/\/www.motorjournal.cz\/wp-content\/uploads\/2026\/01\/A1291_spalovaci-39-1-725x1024.jpg",725,1024,true],"author_info":[],"comment_info":"","_links":{"self":[{"href":"https:\/\/www.motorjournal.cz\/en\/wp-json\/wp\/v2\/product\/41864","targetHints":{"allow":["GET"]}}],"collection":[{"href":"https:\/\/www.motorjournal.cz\/en\/wp-json\/wp\/v2\/product"}],"about":[{"href":"https:\/\/www.motorjournal.cz\/en\/wp-json\/wp\/v2\/types\/product"}],"wp:featuredmedia":[{"embeddable":true,"href":"https:\/\/www.motorjournal.cz\/en\/wp-json\/wp\/v2\/media\/41865"}],"wp:attachment":[{"href":"https:\/\/www.motorjournal.cz\/en\/wp-json\/wp\/v2\/media?parent=41864"}],"wp:term":[{"taxonomy":"product_brand","embeddable":true,"href":"https:\/\/www.motorjournal.cz\/en\/wp-json\/wp\/v2\/product_brand?post=41864"},{"taxonomy":"product_cat","embeddable":true,"href":"https:\/\/www.motorjournal.cz\/en\/wp-json\/wp\/v2\/product_cat?post=41864"},{"taxonomy":"product_tag","embeddable":true,"href":"https:\/\/www.motorjournal.cz\/en\/wp-json\/wp\/v2\/product_tag?post=41864"}],"curies":[{"name":"wp","href":"https:\/\/api.w.org\/{rel}","templated":true}]}}