{"id":41926,"date":"2026-01-30T10:36:48","date_gmt":"2026-01-30T09:36:48","guid":{"rendered":"https:\/\/www.motorjournal.cz\/?post_type=product&#038;p=41926"},"modified":"2026-02-15T16:24:12","modified_gmt":"2026-02-15T15:24:12","slug":"historie-prevodovek-laurin-klement-a-skoda-martin-chlupac","status":"publish","type":"product","link":"https:\/\/www.motorjournal.cz\/en\/product\/historie-prevodovek-laurin-klement-a-skoda-martin-chlupac\/","title":{"rendered":"History of Laurin &amp; Klement and \u0160koda gearboxes, Martin Chlup\u00e1\u010d"},"content":{"rendered":"<div id=\"pl-27037\" class=\"panel-layout\">\n<div id=\"pg-27037-0\" class=\"panel-grid panel-no-style\">\n<div id=\"pgc-27037-0-0\" class=\"panel-grid-cell\" data-weight=\"1\">\n<div id=\"panel-27037-0-0-0\" class=\"so-panel widget widget_sow-button panel-first-child panel-last-child\" data-index=\"0\" data-style=\"{&quot;background_display&quot;:&quot;tile&quot;,&quot;kt_animation_duration&quot;:&quot;default&quot;,&quot;kt_animation_delay&quot;:&quot;default&quot;}\">The epic publication History of Laurin &amp; Klement and \u0160KODA Transmissions will introduce you to the history of the development and production of the \u0160KODA AUTO car manufacturer from Mlad\u00e1 Boleslav from 1895 to the present.<br \/>\nThe 366-page A4 book features more than 600 absolutely unique photographs and period drawings of L&amp;K and \u0160KODA vehicles. These include not only passenger cars, motorcycles and bicycles, but also trucks, buses, tractors and motor ploughs.<br \/>\nApproximately a third of all visual materials are published in the Czech Republic for the first time.<\/div>\n<div data-index=\"0\" data-style=\"{&quot;background_display&quot;:&quot;tile&quot;,&quot;kt_animation_duration&quot;:&quot;default&quot;,&quot;kt_animation_delay&quot;:&quot;default&quot;}\"><\/div>\n<\/div>\n<div data-index=\"0\" data-style=\"{&quot;background_display&quot;:&quot;tile&quot;,&quot;kt_animation_duration&quot;:&quot;default&quot;,&quot;kt_animation_delay&quot;:&quot;default&quot;}\">Published by Motor Public, hardcover, format 21.5 x 30 cm, 366 pages<br \/>\nISBN 978-80-906693-4-5.<\/div>\n<\/div>\n<\/div>","protected":false},"excerpt":{"rendered":"<p>The epic publication History of Laurin &amp; Klement and \u0160KODA Transmissions will introduce you to the history of the development and production of the \u0160KODA AUTO car manufacturer from Mlad\u00e1 Boleslav from 1895 to the present.<br \/>\nThe 366-page A4 book features more than 600 absolutely unique photographs and period drawings of L&amp;K and \u0160KODA vehicles. These include not only passenger cars, motorcycles and bicycles, but also trucks, buses, tractors and motor ploughs.<br \/>\nApproximately a third of all visual materials are published in the Czech Republic for the first time.<\/p>","protected":false},"featured_media":41927,"template":"","meta":{"kt_blocks_editor_width":"","_kad_blocks_custom_css":"","_kad_blocks_head_custom_js":"","_kad_blocks_body_custom_js":"","_kad_blocks_footer_custom_js":""},"product_brand":[],"product_cat":[175,161],"product_tag":[296,886,224],"class_list":{"0":"post-41926","1":"product","2":"type-product","3":"status-publish","4":"has-post-thumbnail","6":"product_cat-auto","7":"product_cat-knihy","8":"product_tag-laurin-a-klement","9":"product_tag-prevodovka","10":"product_tag-skoda","12":"first","13":"instock","14":"featured","15":"taxable","16":"shipping-taxable","17":"purchasable","18":"product-type-simple"},"supplier_id":null,"supplier_sku":"","barcode":null,"atum_controlled":true,"out_stock_date":null,"out_stock_threshold":null,"inheritable":false,"inbound_stock":0,"stock_on_hold":0,"sold_today":0,"sales_last_days":0,"reserved_stock":0,"customer_returns":0,"warehouse_damage":0,"lost_in_post":0,"other_logs":0,"out_stock_days":0,"lost_sales":0,"has_location":false,"update_date":"2026-04-22T00:57:37","atum_locations":[],"atum_stock_status":"instock","restock_status":false,"low_stock_amount":"","sales_update_date":"2026-04-22T00:57:37","calc_backorders":null,"aioseo_notices":[],"taxonomy_info":{"product_cat":[{"value":175,"label":"Auto"},{"value":161,"label":"Knihy"}],"product_tag":[{"value":296,"label":"Laurin a Klement"},{"value":886,"label":"p\u0159evodovka"},{"value":224,"label":"\u0160koda"}]},"featured_image_src_large":["https:\/\/www.motorjournal.cz\/wp-content\/uploads\/2026\/01\/Historie-prevodovek.jpg",318,452,false],"author_info":[],"comment_info":"","_links":{"self":[{"href":"https:\/\/www.motorjournal.cz\/en\/wp-json\/wp\/v2\/product\/41926","targetHints":{"allow":["GET"]}}],"collection":[{"href":"https:\/\/www.motorjournal.cz\/en\/wp-json\/wp\/v2\/product"}],"about":[{"href":"https:\/\/www.motorjournal.cz\/en\/wp-json\/wp\/v2\/types\/product"}],"wp:featuredmedia":[{"embeddable":true,"href":"https:\/\/www.motorjournal.cz\/en\/wp-json\/wp\/v2\/media\/41927"}],"wp:attachment":[{"href":"https:\/\/www.motorjournal.cz\/en\/wp-json\/wp\/v2\/media?parent=41926"}],"wp:term":[{"taxonomy":"product_brand","embeddable":true,"href":"https:\/\/www.motorjournal.cz\/en\/wp-json\/wp\/v2\/product_brand?post=41926"},{"taxonomy":"product_cat","embeddable":true,"href":"https:\/\/www.motorjournal.cz\/en\/wp-json\/wp\/v2\/product_cat?post=41926"},{"taxonomy":"product_tag","embeddable":true,"href":"https:\/\/www.motorjournal.cz\/en\/wp-json\/wp\/v2\/product_tag?post=41926"}],"curies":[{"name":"wp","href":"https:\/\/api.w.org\/{rel}","templated":true}]}}