{"id":41935,"date":"2026-02-05T09:59:46","date_gmt":"2026-02-05T08:59:46","guid":{"rendered":"https:\/\/www.motorjournal.cz\/?post_type=product&#038;p=41935"},"modified":"2026-02-05T10:02:34","modified_gmt":"2026-02-05T09:02:34","slug":"motocykl-a-jeho-obsluha-2","status":"publish","type":"product","link":"https:\/\/www.motorjournal.cz\/en\/product\/motocykl-a-jeho-obsluha-2\/","title":{"rendered":"Motorcycle and its operation"},"content":{"rendered":"<p>A detailed introduction to each part of motorcycles of various types of construction. Explanation of why and how various malfunctions occur and how to most easily eliminate them. The text is accompanied by a large number of relatively high-quality illustrations.<\/p>\n<p>Year of publication: 1953<br \/>\nPublisher: Our Army<br \/>\nBinding: sewn in hardcover<br \/>\nFormat: 160 x 230 mm<br \/>\nNumber of pages: 350<br \/>\nCondition: very good<\/p>","protected":false},"excerpt":{"rendered":"<p>author: Adolf T\u016fma<\/p>\n<p>&nbsp;<\/p>","protected":false},"featured_media":41936,"template":"","meta":{"kt_blocks_editor_width":"","_kad_blocks_custom_css":"","_kad_blocks_head_custom_js":"","_kad_blocks_body_custom_js":"","_kad_blocks_footer_custom_js":""},"product_brand":[],"product_cat":[317,347],"product_tag":[353,378],"class_list":{"0":"post-41935","1":"product","2":"type-product","3":"status-publish","4":"has-post-thumbnail","6":"product_cat-antikvariat","7":"product_cat-antikvariat-knihy","8":"product_tag-motocykly","9":"product_tag-ucebnice","11":"first","12":"instock","13":"sale","14":"taxable","15":"shipping-taxable","16":"purchasable","17":"product-type-simple"},"supplier_id":null,"supplier_sku":"","barcode":null,"atum_controlled":false,"out_stock_date":"2026-02-05 09:59:47","out_stock_threshold":null,"inheritable":false,"inbound_stock":null,"stock_on_hold":0,"sold_today":0,"sales_last_days":0,"reserved_stock":null,"customer_returns":null,"warehouse_damage":null,"lost_in_post":null,"other_logs":null,"out_stock_days":58,"lost_sales":0,"has_location":false,"update_date":"2026-04-05T00:07:03","atum_locations":[],"atum_stock_status":"instock","restock_status":false,"low_stock_amount":"","sales_update_date":"2026-04-05T00:07:03","calc_backorders":null,"aioseo_notices":[],"taxonomy_info":{"product_cat":[{"value":317,"label":"Antikvari\u00e1t"},{"value":347,"label":"Antikvari\u00e1t knihy"}],"product_tag":[{"value":353,"label":"Motocykly"},{"value":378,"label":"u\u010debnice"}]},"featured_image_src_large":["https:\/\/www.motorjournal.cz\/wp-content\/uploads\/2026\/02\/A1293_motocyklajeho-1-684x1024.jpg",684,1024,true],"author_info":[],"comment_info":"","_links":{"self":[{"href":"https:\/\/www.motorjournal.cz\/en\/wp-json\/wp\/v2\/product\/41935","targetHints":{"allow":["GET"]}}],"collection":[{"href":"https:\/\/www.motorjournal.cz\/en\/wp-json\/wp\/v2\/product"}],"about":[{"href":"https:\/\/www.motorjournal.cz\/en\/wp-json\/wp\/v2\/types\/product"}],"wp:featuredmedia":[{"embeddable":true,"href":"https:\/\/www.motorjournal.cz\/en\/wp-json\/wp\/v2\/media\/41936"}],"wp:attachment":[{"href":"https:\/\/www.motorjournal.cz\/en\/wp-json\/wp\/v2\/media?parent=41935"}],"wp:term":[{"taxonomy":"product_brand","embeddable":true,"href":"https:\/\/www.motorjournal.cz\/en\/wp-json\/wp\/v2\/product_brand?post=41935"},{"taxonomy":"product_cat","embeddable":true,"href":"https:\/\/www.motorjournal.cz\/en\/wp-json\/wp\/v2\/product_cat?post=41935"},{"taxonomy":"product_tag","embeddable":true,"href":"https:\/\/www.motorjournal.cz\/en\/wp-json\/wp\/v2\/product_tag?post=41935"}],"curies":[{"name":"wp","href":"https:\/\/api.w.org\/{rel}","templated":true}]}}