{"id":41938,"date":"2026-02-05T10:07:39","date_gmt":"2026-02-05T09:07:39","guid":{"rendered":"https:\/\/www.motorjournal.cz\/?post_type=product&#038;p=41938"},"modified":"2026-02-05T10:51:49","modified_gmt":"2026-02-05T09:51:49","slug":"automobil-a-motocykl-v-obrazech-2","status":"publish","type":"product","link":"https:\/\/www.motorjournal.cz\/en\/product\/automobil-a-motocykl-v-obrazech-2\/","title":{"rendered":"Car and motorcycle in pictures"},"content":{"rendered":"<p>This study aid for automotive schools describes the individual parts of a car and motorcycle, introduces their function and the basics of driving. Beautiful, very well-made color inserts.<\/p>\n<p>Year of publication: 1957<br \/>\nPublisher: Our Army<br \/>\nBinding: solid in hardcover<br \/>\nFormat: 170 x 240 mm<br \/>\nNumber of pages: 185 pages of text + 19 two-page picture inserts<br \/>\nCondition: good, worn from use<\/p>","protected":false},"excerpt":{"rendered":"<p>author: Josef Fronk<\/p>\n<p>Great library of motoring<\/p>\n<p>&nbsp;<\/p>","protected":false},"featured_media":41939,"template":"","meta":{"kt_blocks_editor_width":"","_kad_blocks_custom_css":"","_kad_blocks_head_custom_js":"","_kad_blocks_body_custom_js":"","_kad_blocks_footer_custom_js":""},"product_brand":[],"product_cat":[317,347],"product_tag":[352,353,378],"class_list":{"0":"post-41938","1":"product","2":"type-product","3":"status-publish","4":"has-post-thumbnail","6":"product_cat-antikvariat","7":"product_cat-antikvariat-knihy","8":"product_tag-automobily","9":"product_tag-motocykly","10":"product_tag-ucebnice","12":"first","13":"instock","14":"sale","15":"taxable","16":"shipping-taxable","17":"purchasable","18":"product-type-simple"},"supplier_id":null,"supplier_sku":"","barcode":null,"atum_controlled":false,"out_stock_date":null,"out_stock_threshold":null,"inheritable":false,"inbound_stock":null,"stock_on_hold":0,"sold_today":0,"sales_last_days":0,"reserved_stock":null,"customer_returns":null,"warehouse_damage":null,"lost_in_post":null,"other_logs":null,"out_stock_days":0,"lost_sales":0,"has_location":false,"update_date":"2026-04-05T00:07:05","atum_locations":[],"atum_stock_status":"instock","restock_status":false,"low_stock_amount":"","sales_update_date":"2026-04-05T00:07:05","calc_backorders":null,"aioseo_notices":[],"taxonomy_info":{"product_cat":[{"value":317,"label":"Antikvari\u00e1t"},{"value":347,"label":"Antikvari\u00e1t knihy"}],"product_tag":[{"value":352,"label":"Automobily"},{"value":353,"label":"Motocykly"},{"value":378,"label":"u\u010debnice"}]},"featured_image_src_large":["https:\/\/www.motorjournal.cz\/wp-content\/uploads\/2026\/02\/A1294_automobilam-1-700x1024.jpg",700,1024,true],"author_info":[],"comment_info":"","_links":{"self":[{"href":"https:\/\/www.motorjournal.cz\/en\/wp-json\/wp\/v2\/product\/41938","targetHints":{"allow":["GET"]}}],"collection":[{"href":"https:\/\/www.motorjournal.cz\/en\/wp-json\/wp\/v2\/product"}],"about":[{"href":"https:\/\/www.motorjournal.cz\/en\/wp-json\/wp\/v2\/types\/product"}],"wp:featuredmedia":[{"embeddable":true,"href":"https:\/\/www.motorjournal.cz\/en\/wp-json\/wp\/v2\/media\/41939"}],"wp:attachment":[{"href":"https:\/\/www.motorjournal.cz\/en\/wp-json\/wp\/v2\/media?parent=41938"}],"wp:term":[{"taxonomy":"product_brand","embeddable":true,"href":"https:\/\/www.motorjournal.cz\/en\/wp-json\/wp\/v2\/product_brand?post=41938"},{"taxonomy":"product_cat","embeddable":true,"href":"https:\/\/www.motorjournal.cz\/en\/wp-json\/wp\/v2\/product_cat?post=41938"},{"taxonomy":"product_tag","embeddable":true,"href":"https:\/\/www.motorjournal.cz\/en\/wp-json\/wp\/v2\/product_tag?post=41938"}],"curies":[{"name":"wp","href":"https:\/\/api.w.org\/{rel}","templated":true}]}}