{"id":41945,"date":"2026-02-05T10:44:10","date_gmt":"2026-02-05T09:44:10","guid":{"rendered":"https:\/\/www.motorjournal.cz\/?post_type=product&#038;p=41945"},"modified":"2026-02-05T11:08:39","modified_gmt":"2026-02-05T10:08:39","slug":"automobil-v-terenu-2","status":"publish","type":"product","link":"https:\/\/www.motorjournal.cz\/en\/product\/automobil-v-terenu-2\/","title":{"rendered":"Off-road car"},"content":{"rendered":"<p><span class=\"end_text et_395003\">The book from the library of modern military technology, vol. 13, describes the design features of off-road vehicles and the basics of driving techniques.<br \/>\n<\/span><\/p>\n<p>Year of publication: 1961<br \/>\nPublisher: Our Army<br \/>\nBinding: sewn<br \/>\nFormat: 140 x 210 mm<br \/>\nNumber of pages: 184<br \/>\nCondition: good<\/p>\n<p>&nbsp;<\/p>","protected":false},"excerpt":{"rendered":"<p>author: Capt. Jaroslav Kov\u00e1\u010dik. Eng. Jan \u010cern\u00fd, Lt. Col. Ji\u0159\u00ed Ka\u010der<\/p>","protected":false},"featured_media":37663,"template":"","meta":{"kt_blocks_editor_width":"","_kad_blocks_custom_css":"","_kad_blocks_head_custom_js":"","_kad_blocks_body_custom_js":"","_kad_blocks_footer_custom_js":""},"product_brand":[],"product_cat":[317,347],"product_tag":[384,734,361,564,223,735,224,219],"class_list":{"0":"post-41945","1":"product","2":"type-product","3":"status-publish","4":"has-post-thumbnail","6":"product_cat-antikvariat","7":"product_cat-antikvariat-knihy","8":"product_tag-gaz","9":"product_tag-kdf","10":"product_tag-nakladni-automobily","11":"product_tag-panhard","12":"product_tag-praga","13":"product_tag-reo","14":"product_tag-skoda","15":"product_tag-tatra","17":"first","18":"instock","19":"sale","20":"taxable","21":"shipping-taxable","22":"purchasable","23":"product-type-simple"},"supplier_id":null,"supplier_sku":"","barcode":null,"atum_controlled":false,"out_stock_date":"2026-02-05 10:44:11","out_stock_threshold":null,"inheritable":false,"inbound_stock":null,"stock_on_hold":0,"sold_today":0,"sales_last_days":0,"reserved_stock":null,"customer_returns":null,"warehouse_damage":null,"lost_in_post":null,"other_logs":null,"out_stock_days":57,"lost_sales":0,"has_location":false,"update_date":"2026-04-04T00:06:48","atum_locations":[],"atum_stock_status":"instock","restock_status":false,"low_stock_amount":0,"sales_update_date":"2026-04-04T00:06:48","calc_backorders":null,"aioseo_notices":[],"taxonomy_info":{"product_cat":[{"value":317,"label":"Antikvari\u00e1t"},{"value":347,"label":"Antikvari\u00e1t knihy"}],"product_tag":[{"value":384,"label":"Gaz"},{"value":734,"label":"KDF"},{"value":361,"label":"N\u00e1kladn\u00ed automobily"},{"value":564,"label":"Panhard"},{"value":223,"label":"Praga"},{"value":735,"label":"Reo"},{"value":224,"label":"\u0160koda"},{"value":219,"label":"Tatra"}]},"featured_image_src_large":["https:\/\/www.motorjournal.cz\/wp-content\/uploads\/2023\/03\/A1026_autovterenu-1.jpg",549,834,false],"author_info":[],"comment_info":"","_links":{"self":[{"href":"https:\/\/www.motorjournal.cz\/en\/wp-json\/wp\/v2\/product\/41945","targetHints":{"allow":["GET"]}}],"collection":[{"href":"https:\/\/www.motorjournal.cz\/en\/wp-json\/wp\/v2\/product"}],"about":[{"href":"https:\/\/www.motorjournal.cz\/en\/wp-json\/wp\/v2\/types\/product"}],"wp:featuredmedia":[{"embeddable":true,"href":"https:\/\/www.motorjournal.cz\/en\/wp-json\/wp\/v2\/media\/37663"}],"wp:attachment":[{"href":"https:\/\/www.motorjournal.cz\/en\/wp-json\/wp\/v2\/media?parent=41945"}],"wp:term":[{"taxonomy":"product_brand","embeddable":true,"href":"https:\/\/www.motorjournal.cz\/en\/wp-json\/wp\/v2\/product_brand?post=41945"},{"taxonomy":"product_cat","embeddable":true,"href":"https:\/\/www.motorjournal.cz\/en\/wp-json\/wp\/v2\/product_cat?post=41945"},{"taxonomy":"product_tag","embeddable":true,"href":"https:\/\/www.motorjournal.cz\/en\/wp-json\/wp\/v2\/product_tag?post=41945"}],"curies":[{"name":"wp","href":"https:\/\/api.w.org\/{rel}","templated":true}]}}