{"id":41954,"date":"2026-02-05T11:33:07","date_gmt":"2026-02-05T10:33:07","guid":{"rendered":"https:\/\/www.motorjournal.cz\/?post_type=product&#038;p=41954"},"modified":"2026-02-05T11:37:25","modified_gmt":"2026-02-05T10:37:25","slug":"prirucka-pro-motoristy","status":"publish","type":"product","link":"https:\/\/www.motorjournal.cz\/en\/product\/prirucka-pro-motoristy\/","title":{"rendered":"Motorist&#039;s Guide"},"content":{"rendered":"<p>Summary of experiences on more economical operation.<\/p>\n<p>Year of publication: 1954<br \/>\nPublisher: Works<br \/>\nBinding: V3 in softcover<br \/>\nFormat: 150 x 205 mm<br \/>\nNumber of pages: 83<br \/>\nCondition: very good<\/p>","protected":false},"excerpt":{"rendered":"<p>author: Rudolf Feifer<\/p>\n<p>&nbsp;<\/p>","protected":false},"featured_media":41955,"template":"","meta":{"kt_blocks_editor_width":"","_kad_blocks_custom_css":"","_kad_blocks_head_custom_js":"","_kad_blocks_body_custom_js":"","_kad_blocks_footer_custom_js":""},"product_brand":[],"product_cat":[317,347],"product_tag":[352,378],"class_list":{"0":"post-41954","1":"product","2":"type-product","3":"status-publish","4":"has-post-thumbnail","6":"product_cat-antikvariat","7":"product_cat-antikvariat-knihy","8":"product_tag-automobily","9":"product_tag-ucebnice","11":"first","12":"instock","13":"sale","14":"taxable","15":"shipping-taxable","16":"purchasable","17":"product-type-simple"},"supplier_id":null,"supplier_sku":"","barcode":null,"atum_controlled":false,"out_stock_date":null,"out_stock_threshold":null,"inheritable":false,"inbound_stock":null,"stock_on_hold":0,"sold_today":0,"sales_last_days":0,"reserved_stock":null,"customer_returns":null,"warehouse_damage":null,"lost_in_post":null,"other_logs":null,"out_stock_days":0,"lost_sales":0,"has_location":false,"update_date":"2026-04-05T00:07:11","atum_locations":[],"atum_stock_status":"instock","restock_status":false,"low_stock_amount":"","sales_update_date":"2026-04-05T00:07:11","calc_backorders":null,"aioseo_notices":[],"taxonomy_info":{"product_cat":[{"value":317,"label":"Antikvari\u00e1t"},{"value":347,"label":"Antikvari\u00e1t knihy"}],"product_tag":[{"value":352,"label":"Automobily"},{"value":378,"label":"u\u010debnice"}]},"featured_image_src_large":["https:\/\/www.motorjournal.cz\/wp-content\/uploads\/2026\/02\/A1299_prirucka-1-731x1024.jpg",731,1024,true],"author_info":[],"comment_info":"","_links":{"self":[{"href":"https:\/\/www.motorjournal.cz\/en\/wp-json\/wp\/v2\/product\/41954","targetHints":{"allow":["GET"]}}],"collection":[{"href":"https:\/\/www.motorjournal.cz\/en\/wp-json\/wp\/v2\/product"}],"about":[{"href":"https:\/\/www.motorjournal.cz\/en\/wp-json\/wp\/v2\/types\/product"}],"wp:featuredmedia":[{"embeddable":true,"href":"https:\/\/www.motorjournal.cz\/en\/wp-json\/wp\/v2\/media\/41955"}],"wp:attachment":[{"href":"https:\/\/www.motorjournal.cz\/en\/wp-json\/wp\/v2\/media?parent=41954"}],"wp:term":[{"taxonomy":"product_brand","embeddable":true,"href":"https:\/\/www.motorjournal.cz\/en\/wp-json\/wp\/v2\/product_brand?post=41954"},{"taxonomy":"product_cat","embeddable":true,"href":"https:\/\/www.motorjournal.cz\/en\/wp-json\/wp\/v2\/product_cat?post=41954"},{"taxonomy":"product_tag","embeddable":true,"href":"https:\/\/www.motorjournal.cz\/en\/wp-json\/wp\/v2\/product_tag?post=41954"}],"curies":[{"name":"wp","href":"https:\/\/api.w.org\/{rel}","templated":true}]}}