{"id":41973,"date":"2026-02-06T14:20:15","date_gmt":"2026-02-06T13:20:15","guid":{"rendered":"https:\/\/www.motorjournal.cz\/?post_type=product&#038;p=41973"},"modified":"2026-03-05T21:43:36","modified_gmt":"2026-03-05T20:43:36","slug":"motor-journal-2-2026","status":"publish","type":"product","link":"https:\/\/www.motorjournal.cz\/en\/product\/motor-journal-2-2026\/","title":{"rendered":"Motor Journal 2\/2026"},"content":{"rendered":"<p>Traditionally, in the section <strong>Miscellaneous news<\/strong> It is mainly dedicated to round February anniversaries with dates ending in a six. We commemorate personalities, races, car shows, news and new books.<br \/>\nAt the beginning of January, the unexpected and sad news came that he had suddenly passed away. <strong>Ladislav Samohyl<\/strong>, a prominent collector of historic vehicles from Zl\u00edn. He passed away in full creative activity with a number of unfinished projects.<br \/>\nIf someone among us is a globetrotter, then\u00a0<strong>To Jirka \u010cern\u00fd<\/strong>, who needs no introduction. The mature octogenarian began his career as a globetrotter at the age of fourteen, when he set off from Prague via Jevany to S\u00e1zava, riding a hundred horses. His last trip was the year before last in November, when he took part in the London-Brighton race. A list and description of the competitions and expeditions he undertook between S\u00e1zava and Brighton would take up an entire Motor Journal, and we would have to leave out the exhibitions, competitions of elegance (he initiated and directed \u201eRoztoky\u201c for several decades) and other events he organised or participated in.<br \/>\n<strong>Lambar\u00e9n\u00e9<\/strong>, a Gabonese city 75 kilometers below the equator, once became more than a geographical term for Czechoslovaks. It symbolized solidarity, willingness to help, courage, organizational skills and adventure, in times almost 60 years ago for the vast majority of local citizens in such conditions beyond imagination. Everyone knew about the Lambar\u00e9n\u00e9 Expedition project. We have a unique opportunity to have its initiator, doc. MUDr. Petr Bart\u016f\u0148ek, CSc., tell us about it.<br \/>\nA brilliant German designer and one of the most important pioneers of the automotive industry <strong>Wilhelm Maybach<\/strong> He was known for his modesty and hard work. He did not pursue fame, but focused on technical excellence, which earned him the nickname &quot;King of Designers&quot; in France.<br \/>\nMark <strong>Wolseley<\/strong> is one of the first British car manufacturers and its history is closely linked to the Morris and Austin brands from beginning to end. The first car bearing the Wolseley name was designed in 1895 by Mr. Herbert Austin, who founded his own car company ten years later.<br \/>\nIn our country, there are only a few riders and designers of road racing motorcycles in one person who can build an entire motorcycle by hand according to their ideas and plans and are among the top of our best amateur designers and riders of road motorcycles. This prominent designer and rider is <strong>Franti\u0161ek Dvo\u0159\u00e1k from Zvikov under the Lusatian Mountains<\/strong>, FAD motorcycle designer.<br \/>\nFor the afternoon of December 15, the French <strong>Osenat auction hall<\/strong> sale of several paintings, motorcycles and cars at the H\u00f4tel d&#039;Albe in Fontainebleau. The offer was exceptional in its own way, not only for its variety, but also for the large number of vehicles in found condition. Of the 104 items offered, 86 % were sold that evening, for a total value of more than three million euros.<br \/>\nA calendar of events, private and commercial advertising, that&#039;s the content of the last pages of this year&#039;s next issue of Motor Journal.<\/p>","protected":false},"excerpt":{"rendered":"<p>Editorial: Save money and look forward to the new season!<br \/>\nMiscellaneous news<br \/>\nJosef Kudrnac<br \/>\nGreetings from Slovakia<br \/>\nBerlin Motor Show 1906<br \/>\nErwin Tragatsch<br \/>\nArthur Eugene Arfons<br \/>\n7th Annual Winter Motorcycle Competition 1936<br \/>\nMezin\u00e1rodn\u00ed autosalon v&nbsp;Berl\u00edn\u011b 1936<br \/>\n1936 Swedish Winter Grand Prix<br \/>\nLance Reventlow<br \/>\nFrantisek Mrazek<br \/>\nJean Todt<br \/>\nChicago Auto Show 1966<br \/>\nSixty years of the World Ice Speedway Championships<br \/>\n\u0160koda 1101 &quot;Tudor&quot; celebrates 80 years<br \/>\nexhibition at the \u0160koda Museum<br \/>\nSocial evening of the Czech Bugatti Club<br \/>\nIcewheels in Slovakia<br \/>\nMuseum Moretti (CH)<br \/>\nLadislav Samohyl<br \/>\nGlobetrotter \u2013 Ji\u0159\u00ed \u010cern\u00fd<br \/>\nLambar\u00e9n\u00e9 after 58 years<br \/>\nWilhelm Maybach<br \/>\nVintage Salon - Wolseley (1945)<br \/>\nFAD \u2013 Frantisek Dvo\u0159\u00e1k<br \/>\nSunbathing in Fontainebleau<br \/>\nCalendar of events and advertising<br \/>\nBooks<\/p>","protected":false},"featured_media":41960,"template":"","meta":{"kt_blocks_editor_width":"","_kad_blocks_custom_css":"","_kad_blocks_head_custom_js":"","_kad_blocks_body_custom_js":"","_kad_blocks_footer_custom_js":""},"product_brand":[],"product_cat":[873,162],"product_tag":[],"class_list":{"0":"post-41973","1":"product","2":"type-product","3":"status-publish","4":"has-post-thumbnail","6":"product_cat-873","7":"product_cat-casopisy","9":"first","10":"instock","11":"taxable","12":"shipping-taxable","13":"purchasable","14":"product-type-simple"},"supplier_id":null,"supplier_sku":"","barcode":null,"atum_controlled":true,"out_stock_date":null,"out_stock_threshold":null,"inheritable":false,"inbound_stock":0,"stock_on_hold":0,"sold_today":0,"sales_last_days":0,"reserved_stock":0,"customer_returns":0,"warehouse_damage":0,"lost_in_post":0,"other_logs":0,"out_stock_days":0,"lost_sales":0,"has_location":false,"update_date":"2026-04-05T00:05:28","atum_locations":[],"atum_stock_status":"instock","restock_status":false,"low_stock_amount":"","sales_update_date":"2026-04-05T00:05:28","calc_backorders":null,"aioseo_notices":[],"taxonomy_info":{"product_cat":[{"value":873,"label":"2026"},{"value":162,"label":"\u010casopisy"}]},"featured_image_src_large":["https:\/\/www.motorjournal.cz\/wp-content\/uploads\/2026\/02\/MJ_2026_02-1.jpg",595,842,false],"author_info":[],"comment_info":"","_links":{"self":[{"href":"https:\/\/www.motorjournal.cz\/en\/wp-json\/wp\/v2\/product\/41973","targetHints":{"allow":["GET"]}}],"collection":[{"href":"https:\/\/www.motorjournal.cz\/en\/wp-json\/wp\/v2\/product"}],"about":[{"href":"https:\/\/www.motorjournal.cz\/en\/wp-json\/wp\/v2\/types\/product"}],"wp:featuredmedia":[{"embeddable":true,"href":"https:\/\/www.motorjournal.cz\/en\/wp-json\/wp\/v2\/media\/41960"}],"wp:attachment":[{"href":"https:\/\/www.motorjournal.cz\/en\/wp-json\/wp\/v2\/media?parent=41973"}],"wp:term":[{"taxonomy":"product_brand","embeddable":true,"href":"https:\/\/www.motorjournal.cz\/en\/wp-json\/wp\/v2\/product_brand?post=41973"},{"taxonomy":"product_cat","embeddable":true,"href":"https:\/\/www.motorjournal.cz\/en\/wp-json\/wp\/v2\/product_cat?post=41973"},{"taxonomy":"product_tag","embeddable":true,"href":"https:\/\/www.motorjournal.cz\/en\/wp-json\/wp\/v2\/product_tag?post=41973"}],"curies":[{"name":"wp","href":"https:\/\/api.w.org\/{rel}","templated":true}]}}