{"id":42089,"date":"2026-04-18T12:44:57","date_gmt":"2026-04-18T11:44:57","guid":{"rendered":"https:\/\/www.motorjournal.cz\/?post_type=product&#038;p=42089"},"modified":"2026-04-18T13:02:27","modified_gmt":"2026-04-18T12:02:27","slug":"abeceda-veteranisty-prakticky-puvodce-vyberem-koupi-renovaci-a-uzivanim-veterana-f-fiala-p-kolar","status":"publish","type":"product","link":"https:\/\/www.motorjournal.cz\/en\/product\/abeceda-veteranisty-prakticky-puvodce-vyberem-koupi-renovaci-a-uzivanim-veterana-f-fiala-p-kolar\/","title":{"rendered":"The veteran&#039;s alphabet. A practical guide to choosing, buying, renovating and using a veteran, F. Fiala, P. Kol\u00e1\u0159"},"content":{"rendered":"<p>Praktick\u00fd pr\u016fvodce v\u00fdb\u011brem, koup\u00ed, renovac\u00ed a&nbsp;u\u017e\u00edv\u00e1n\u00edm je ur\u010den v\u0161em, kdo nez\u016fstanou chladn\u00ed p\u0159i&nbsp;pohledu na stroj nepoch\u00e1zej\u00edc\u00ed z&nbsp;modern\u00ed produkce. Ano, m\u00e1me na mysli letit\u00e9 motocykly, osobn\u00ed i&nbsp;n\u00e1kladn\u00ed automobily, autobusy, traktory, \u010di&nbsp;dokonce vojenskou techniku. V\u011bt\u0161in\u011b z&nbsp;t\u011bchto nad\u0161enc\u016f se p\u0159i&nbsp;pohledu na star\u00e9, \u010dasto n\u00e1dhern\u011b karosovan\u00e9 stroje rozbu\u0161\u00ed srdce \u2013 o&nbsp;to v\u00edc, kdy\u017e jsou st\u00e1le poj\u00edzdn\u00e9. Nen\u00ed pak divu, \u017ee mnoz\u00ed zatou\u017e\u00ed m\u00edt vlastn\u00edho \u201ehistorika\u201c doma.<br \/>\nS&nbsp;t\u00edm v\u0161ak p\u0159ich\u00e1z\u00ed \u0159ada ot\u00e1zek: jak za\u010d\u00edt, na co si d\u00e1t pozor a&nbsp;co v\u0161echno takov\u00e9 vlastnictv\u00ed obn\u00e1\u0161\u00ed. Publikace p\u0159ehledn\u011b a&nbsp;srozumiteln\u011b prov\u00e1z\u00ed v\u0161emi aspekty sv\u011bta veter\u00e1n\u016f \u2013 od v\u00fdb\u011bru vozidla, koup\u011b, pr\u00e1vn\u00edch p\u0159edpis\u016f, ov\u011b\u0159en\u00ed pravosti a\u017e po&nbsp;n\u00e1ro\u010dn\u00fd proces renovace a&nbsp;mo\u017enosti z\u00edsk\u00e1n\u00ed n\u00e1hradn\u00edch d\u00edl\u016f \u010di&nbsp;dopl\u0148k\u016f. Nechyb\u011bj\u00ed kapitoly v\u011bnovan\u00e9 fin\u00e1ln\u00edmu testov\u00e1n\u00ed, provozu a&nbsp;prezentaci historick\u00fdch voz\u016f na v\u00fdstav\u00e1ch doma i&nbsp;v&nbsp;zahrani\u010d\u00ed. Kniha tak\u00e9 p\u0159ibli\u017euje neopakovatelnou atmosf\u00e9ru spanil\u00fdch j\u00edzd a&nbsp;veter\u00e1nsk\u00fdch z\u00e1vod\u016f.<\/p>\n<p>GRADA Publishing<br \/>\nPevn\u00e1 vazba, form\u00e1t 21 \u00d7 25\u2009cm, 192 stran<\/p>\n<p>&nbsp;<\/p>","protected":false},"excerpt":{"rendered":"<p>Praktick\u00fd pr\u016fvodce v\u00fdb\u011brem, koup\u00ed, renovac\u00ed a&nbsp;u\u017e\u00edv\u00e1n\u00edm je ur\u010den v\u0161em, kdo nez\u016fstanou chladn\u00ed p\u0159i&nbsp;pohledu na stroj nepoch\u00e1zej\u00edc\u00ed z&nbsp;modern\u00ed produkce. Ano, m\u00e1me na mysli letit\u00e9 motocykly, osobn\u00ed i&nbsp;n\u00e1kladn\u00ed automobily, autobusy, traktory, \u010di&nbsp;dokonce vojenskou techniku. V\u011bt\u0161in\u011b z&nbsp;t\u011bchto nad\u0161enc\u016f se p\u0159i&nbsp;pohledu na star\u00e9, \u010dasto n\u00e1dhern\u011b karosovan\u00e9 stroje rozbu\u0161\u00ed srdce \u2013 o&nbsp;to v\u00edc, kdy\u017e jsou st\u00e1le poj\u00edzdn\u00e9. Nen\u00ed pak divu, \u017ee mnoz\u00ed zatou\u017e\u00ed m\u00edt vlastn\u00edho \u201ehistorika\u201c doma.<br \/>\nS&nbsp;t\u00edm v\u0161ak p\u0159ich\u00e1z\u00ed \u0159ada ot\u00e1zek: jak za\u010d\u00edt, na co si d\u00e1t pozor a&nbsp;co v\u0161echno takov\u00e9 vlastnictv\u00ed obn\u00e1\u0161\u00ed. Publikace p\u0159ehledn\u011b a&nbsp;srozumiteln\u011b prov\u00e1z\u00ed v\u0161emi aspekty sv\u011bta veter\u00e1n\u016f \u2013 od v\u00fdb\u011bru vozidla, koup\u011b, pr\u00e1vn\u00edch p\u0159edpis\u016f, ov\u011b\u0159en\u00ed pravosti a\u017e po&nbsp;n\u00e1ro\u010dn\u00fd proces renovace a&nbsp;mo\u017enosti z\u00edsk\u00e1n\u00ed n\u00e1hradn\u00edch d\u00edl\u016f \u010di&nbsp;dopl\u0148k\u016f. Nechyb\u011bj\u00ed kapitoly v\u011bnovan\u00e9 fin\u00e1ln\u00edmu testov\u00e1n\u00ed, provozu a&nbsp;prezentaci historick\u00fdch voz\u016f na v\u00fdstav\u00e1ch doma i&nbsp;v&nbsp;zahrani\u010d\u00ed. Kniha tak\u00e9 p\u0159ibli\u017euje neopakovatelnou atmosf\u00e9ru spanil\u00fdch j\u00edzd a&nbsp;veter\u00e1nsk\u00fdch z\u00e1vod\u016f.<\/p>","protected":false},"featured_media":42090,"template":"","meta":{"kt_blocks_editor_width":"","_kad_blocks_custom_css":"","_kad_blocks_head_custom_js":"","_kad_blocks_body_custom_js":"","_kad_blocks_footer_custom_js":""},"product_brand":[],"product_cat":[175,161],"product_tag":[891,234,890],"class_list":{"0":"post-42089","1":"product","2":"type-product","3":"status-publish","4":"has-post-thumbnail","6":"product_cat-auto","7":"product_cat-knihy","8":"product_tag-koupe","9":"product_tag-renovace","10":"product_tag-veterani","12":"first","13":"instock","14":"featured","15":"taxable","16":"shipping-taxable","17":"purchasable","18":"product-type-simple"},"supplier_id":null,"supplier_sku":"","barcode":null,"atum_controlled":true,"out_stock_date":null,"out_stock_threshold":null,"inheritable":false,"inbound_stock":null,"stock_on_hold":0,"sold_today":0,"sales_last_days":0,"reserved_stock":null,"customer_returns":null,"warehouse_damage":null,"lost_in_post":null,"other_logs":null,"out_stock_days":0,"lost_sales":0,"has_location":false,"update_date":"2026-04-19T00:49:28","atum_locations":[],"atum_stock_status":"instock","restock_status":false,"low_stock_amount":"","sales_update_date":"2026-04-19T00:49:28","calc_backorders":null,"aioseo_notices":[],"taxonomy_info":{"product_cat":[{"value":175,"label":"Auto"},{"value":161,"label":"Knihy"}],"product_tag":[{"value":891,"label":"koup\u011b"},{"value":234,"label":"renovace"},{"value":890,"label":"veter\u00e1ni"}]},"featured_image_src_large":["https:\/\/www.motorjournal.cz\/wp-content\/uploads\/2026\/04\/Abeceda-veteranisty_01.jpg",578,713,false],"author_info":[],"comment_info":"","_links":{"self":[{"href":"https:\/\/www.motorjournal.cz\/en\/wp-json\/wp\/v2\/product\/42089","targetHints":{"allow":["GET"]}}],"collection":[{"href":"https:\/\/www.motorjournal.cz\/en\/wp-json\/wp\/v2\/product"}],"about":[{"href":"https:\/\/www.motorjournal.cz\/en\/wp-json\/wp\/v2\/types\/product"}],"wp:featuredmedia":[{"embeddable":true,"href":"https:\/\/www.motorjournal.cz\/en\/wp-json\/wp\/v2\/media\/42090"}],"wp:attachment":[{"href":"https:\/\/www.motorjournal.cz\/en\/wp-json\/wp\/v2\/media?parent=42089"}],"wp:term":[{"taxonomy":"product_brand","embeddable":true,"href":"https:\/\/www.motorjournal.cz\/en\/wp-json\/wp\/v2\/product_brand?post=42089"},{"taxonomy":"product_cat","embeddable":true,"href":"https:\/\/www.motorjournal.cz\/en\/wp-json\/wp\/v2\/product_cat?post=42089"},{"taxonomy":"product_tag","embeddable":true,"href":"https:\/\/www.motorjournal.cz\/en\/wp-json\/wp\/v2\/product_tag?post=42089"}],"curies":[{"name":"wp","href":"https:\/\/api.w.org\/{rel}","templated":true}]}}