{"id":5017,"date":"2018-12-05T16:36:41","date_gmt":"2018-12-05T15:36:41","guid":{"rendered":"http:\/\/www.motorjournal.cz\/?post_type=product&#038;p=5017"},"modified":"2022-11-30T15:00:43","modified_gmt":"2022-11-30T14:00:43","slug":"motor-journal-rocnik-2018","status":"publish","type":"product","link":"https:\/\/www.motorjournal.cz\/en\/product\/motor-journal-rocnik-2018\/","title":{"rendered":"Motor Journal year 2018 complete"},"content":{"rendered":"<p>12 issues of Motor Journal magazine published in 2018, unbound.<\/p>","protected":false},"excerpt":{"rendered":"<p>12 issues of Motor Journal magazine published in 2018, unbound.<\/p>","protected":false},"featured_media":1878,"template":"","meta":{"kt_blocks_editor_width":"","_kad_blocks_custom_css":"","_kad_blocks_head_custom_js":"","_kad_blocks_body_custom_js":"","_kad_blocks_footer_custom_js":""},"product_brand":[],"product_cat":[324,162,198],"product_tag":[],"class_list":{"0":"post-5017","1":"product","2":"type-product","3":"status-publish","4":"has-post-thumbnail","6":"product_cat-324","7":"product_cat-casopisy","8":"product_cat-rocniky","10":"first","11":"instock","12":"sale","13":"taxable","14":"shipping-taxable","15":"purchasable","16":"product-type-simple"},"supplier_id":null,"supplier_sku":"","barcode":null,"atum_controlled":true,"out_stock_date":null,"out_stock_threshold":null,"inheritable":false,"inbound_stock":0,"stock_on_hold":0,"sold_today":0,"sales_last_days":0,"reserved_stock":0,"customer_returns":0,"warehouse_damage":0,"lost_in_post":0,"other_logs":0,"out_stock_days":0,"lost_sales":0,"has_location":false,"update_date":"2026-04-05T00:05:36","atum_locations":[],"atum_stock_status":"instock","restock_status":false,"low_stock_amount":"","sales_update_date":"2026-04-05T00:05:36","calc_backorders":null,"aioseo_notices":[],"taxonomy_info":{"product_cat":[{"value":324,"label":"2018"},{"value":162,"label":"\u010casopisy"},{"value":198,"label":"Ro\u010dn\u00edky"}]},"featured_image_src_large":["https:\/\/www.motorjournal.cz\/wp-content\/uploads\/2017\/02\/rocnik.jpg",827,583,false],"author_info":[],"comment_info":"","_links":{"self":[{"href":"https:\/\/www.motorjournal.cz\/en\/wp-json\/wp\/v2\/product\/5017","targetHints":{"allow":["GET"]}}],"collection":[{"href":"https:\/\/www.motorjournal.cz\/en\/wp-json\/wp\/v2\/product"}],"about":[{"href":"https:\/\/www.motorjournal.cz\/en\/wp-json\/wp\/v2\/types\/product"}],"wp:featuredmedia":[{"embeddable":true,"href":"https:\/\/www.motorjournal.cz\/en\/wp-json\/wp\/v2\/media\/1878"}],"wp:attachment":[{"href":"https:\/\/www.motorjournal.cz\/en\/wp-json\/wp\/v2\/media?parent=5017"}],"wp:term":[{"taxonomy":"product_brand","embeddable":true,"href":"https:\/\/www.motorjournal.cz\/en\/wp-json\/wp\/v2\/product_brand?post=5017"},{"taxonomy":"product_cat","embeddable":true,"href":"https:\/\/www.motorjournal.cz\/en\/wp-json\/wp\/v2\/product_cat?post=5017"},{"taxonomy":"product_tag","embeddable":true,"href":"https:\/\/www.motorjournal.cz\/en\/wp-json\/wp\/v2\/product_tag?post=5017"}],"curies":[{"name":"wp","href":"https:\/\/api.w.org\/{rel}","templated":true}]}}