{"id":8531,"date":"2019-02-28T15:08:09","date_gmt":"2019-02-28T14:08:09","guid":{"rendered":"http:\/\/www.motorjournal.cz\/?post_type=product&#038;p=8531"},"modified":"2025-11-04T15:25:38","modified_gmt":"2025-11-04T14:25:38","slug":"seznam-nahradnich-dilu-vozu-skoda-vos-original","status":"publish","type":"product","link":"https:\/\/www.motorjournal.cz\/en\/product\/seznam-nahradnich-dilu-vozu-skoda-vos-original\/","title":{"rendered":"List of spare parts for the \u0160koda VOS (original)"},"content":{"rendered":"<p>The \u0160koda VOS (Government Personal Special) was a special armored limousine, produced between 1948 and 1953 for the highest state representatives of Czechoslovakia and other socialist countries, as well as for important officials of communist parties in Western European countries. Spare parts could only be ordered through the Ministry of National Security.<\/p>\n<p>Year of release:<br \/>\nPublisher:<\/p>\n<p>Binding: paperback<br \/>\nFormat: 210 x 297 mm<br \/>\nNumber of pages: 58<br \/>\nCondition: very good<\/p>","protected":false},"excerpt":{"rendered":"<p>The \u0160koda VOS (Government Personal Special) was a special armored limousine, produced in the years 1948\u20131953 for the highest state representatives of Czechoslovakia and other socialist countries, as well as for important officials of communist parties in Western European countries. Spare parts could only be ordered through the Ministry of National Security. Year of production: \u2026 <a class=\"kt-excerpt-readmore\" href=\"https:\/\/www.motorjournal.cz\/en\/product\/seznam-nahradnich-dilu-vozu-skoda-vos-original\/\" aria-label=\"List of spare parts for the \u0160koda VOS (original)\">Full text<\/a><\/p>","protected":false},"featured_media":8528,"template":"","meta":{"kt_blocks_editor_width":"","_kad_blocks_custom_css":"","_kad_blocks_head_custom_js":"","_kad_blocks_body_custom_js":"","_kad_blocks_footer_custom_js":""},"product_brand":[],"product_cat":[317,365],"product_tag":[352,224],"class_list":{"0":"post-8531","1":"product","2":"type-product","3":"status-publish","4":"has-post-thumbnail","6":"product_cat-antikvariat","7":"product_cat-antikvariat-manualy-seznamy-nahradnich-dilu","8":"product_tag-automobily","9":"product_tag-skoda","11":"first","12":"instock","13":"sale","14":"taxable","15":"shipping-taxable","16":"purchasable","17":"product-type-simple"},"supplier_id":null,"supplier_sku":"","barcode":null,"atum_controlled":false,"out_stock_date":null,"out_stock_threshold":null,"inheritable":false,"inbound_stock":0,"stock_on_hold":0,"sold_today":0,"sales_last_days":0,"reserved_stock":0,"customer_returns":0,"warehouse_damage":0,"lost_in_post":0,"other_logs":0,"out_stock_days":0,"lost_sales":0,"has_location":false,"update_date":"2026-04-04T00:06:44","atum_locations":[],"atum_stock_status":"instock","restock_status":false,"low_stock_amount":"","sales_update_date":"2026-04-04T00:06:44","calc_backorders":null,"aioseo_notices":[],"taxonomy_info":{"product_cat":[{"value":317,"label":"Antikvari\u00e1t"},{"value":365,"label":"Antikvari\u00e1t manu\u00e1ly, seznamy n\u00e1hradn\u00edch d\u00edl\u016f"}],"product_tag":[{"value":352,"label":"Automobily"},{"value":224,"label":"\u0160koda"}]},"featured_image_src_large":["https:\/\/www.motorjournal.cz\/wp-content\/uploads\/2019\/02\/A0076_seznam_skodaVOS.jpeg",612,845,false],"author_info":[],"comment_info":"","_links":{"self":[{"href":"https:\/\/www.motorjournal.cz\/en\/wp-json\/wp\/v2\/product\/8531","targetHints":{"allow":["GET"]}}],"collection":[{"href":"https:\/\/www.motorjournal.cz\/en\/wp-json\/wp\/v2\/product"}],"about":[{"href":"https:\/\/www.motorjournal.cz\/en\/wp-json\/wp\/v2\/types\/product"}],"wp:featuredmedia":[{"embeddable":true,"href":"https:\/\/www.motorjournal.cz\/en\/wp-json\/wp\/v2\/media\/8528"}],"wp:attachment":[{"href":"https:\/\/www.motorjournal.cz\/en\/wp-json\/wp\/v2\/media?parent=8531"}],"wp:term":[{"taxonomy":"product_brand","embeddable":true,"href":"https:\/\/www.motorjournal.cz\/en\/wp-json\/wp\/v2\/product_brand?post=8531"},{"taxonomy":"product_cat","embeddable":true,"href":"https:\/\/www.motorjournal.cz\/en\/wp-json\/wp\/v2\/product_cat?post=8531"},{"taxonomy":"product_tag","embeddable":true,"href":"https:\/\/www.motorjournal.cz\/en\/wp-json\/wp\/v2\/product_tag?post=8531"}],"curies":[{"name":"wp","href":"https:\/\/api.w.org\/{rel}","templated":true}]}}