{"id":8598,"date":"2019-03-02T13:13:42","date_gmt":"2019-03-02T12:13:42","guid":{"rendered":"http:\/\/www.motorjournal.cz\/?post_type=product&#038;p=8598"},"modified":"2025-11-04T15:25:38","modified_gmt":"2025-11-04T14:25:38","slug":"alfa-romeo-s-z","status":"publish","type":"product","link":"https:\/\/www.motorjournal.cz\/en\/product\/alfa-romeo-s-z\/","title":{"rendered":"Alfa Romeo SZ."},"content":{"rendered":"<div data-holder=\"\u017divot hlavn\u00edho konstrukt\u00e9ra Tatry Kop\u0159ivnice - ing. Milana Galii - lze v prav\u00e9m slova smyslu charakterizovat jako \u017eivot s erbem Tatry. Dvacet \u010dty\u0159i let ve funkci je nejdel\u0161\u00ed doba ze v\u0161ech jeho p\u0159edch\u016fdc\u016f a velmi t\u011b\u017eko n\u011bkdo tento rekord p\u0159ekon\u00e1. Vzpom\u00ednky Milana Galii popul\u00e1rn\u00edm zp\u016fsobem p\u0159ibli\u017euj\u00ed dobrodru\u017estv\u00ed vynal\u00e9z\u00e1n\u00ed a hled\u00e1n\u00ed nov\u00fdch...\" data-shot-height=\"156\">\n<div>The Alfa Romeo SZ (Sprint Zagato) is also known as the ES-30 (Experimental Sportscar 3.0 litre). It is a high-performance sports car produced in limited series between 1989 and 1991 in cooperation between Centro Stile Zagato, Centro Stile Alfa Romeo and Centro Stile Fiat. The car was first presented as the ES-30 at the 1989 Geneva Motor Show. A unique book by Roberto Piatti describes the history of the creation of this unique car and also mentions other Alfa Romeo coupes built by the Zagato body shop.<\/div>\n<div><\/div>\n<\/div>\n<p>Year of publication: 1989<br \/>\nPublisher: Giorgio Nada Editore, Milan<\/p>\n<p>Binding: hardcover with dust jacket<br \/>\nFormat: 250 x 305 mm<br \/>\nNumber of pages: 95<br \/>\nCondition: unused<\/p>","protected":false},"excerpt":{"rendered":"<p>Author: Roberto Piatti<\/p>\n<p>An English-written history of the legendary model of the Italian car manufacturer.<\/p>","protected":false},"featured_media":8599,"template":"","meta":{"kt_blocks_editor_width":"","_kad_blocks_custom_css":"","_kad_blocks_head_custom_js":"","_kad_blocks_body_custom_js":"","_kad_blocks_footer_custom_js":""},"product_brand":[],"product_cat":[317,347],"product_tag":[370,352],"class_list":{"0":"post-8598","1":"product","2":"type-product","3":"status-publish","4":"has-post-thumbnail","6":"product_cat-antikvariat","7":"product_cat-antikvariat-knihy","8":"product_tag-alfa-romeo","9":"product_tag-automobily","11":"first","12":"instock","13":"sale","14":"taxable","15":"shipping-taxable","16":"purchasable","17":"product-type-simple"},"supplier_id":null,"supplier_sku":"","barcode":null,"atum_controlled":false,"out_stock_date":null,"out_stock_threshold":null,"inheritable":false,"inbound_stock":0,"stock_on_hold":0,"sold_today":0,"sales_last_days":0,"reserved_stock":0,"customer_returns":0,"warehouse_damage":0,"lost_in_post":0,"other_logs":0,"out_stock_days":0,"lost_sales":0,"has_location":false,"update_date":"2026-04-04T00:06:47","atum_locations":[],"atum_stock_status":"instock","restock_status":false,"low_stock_amount":"","sales_update_date":"2026-04-04T00:06:47","calc_backorders":null,"aioseo_notices":[],"taxonomy_info":{"product_cat":[{"value":317,"label":"Antikvari\u00e1t"},{"value":347,"label":"Antikvari\u00e1t knihy"}],"product_tag":[{"value":370,"label":"Alfa Romeo"},{"value":352,"label":"Automobily"}]},"featured_image_src_large":["https:\/\/www.motorjournal.cz\/wp-content\/uploads\/2019\/03\/A0095_alfaromeosz.jpg",800,969,false],"author_info":[],"comment_info":"","_links":{"self":[{"href":"https:\/\/www.motorjournal.cz\/en\/wp-json\/wp\/v2\/product\/8598","targetHints":{"allow":["GET"]}}],"collection":[{"href":"https:\/\/www.motorjournal.cz\/en\/wp-json\/wp\/v2\/product"}],"about":[{"href":"https:\/\/www.motorjournal.cz\/en\/wp-json\/wp\/v2\/types\/product"}],"wp:featuredmedia":[{"embeddable":true,"href":"https:\/\/www.motorjournal.cz\/en\/wp-json\/wp\/v2\/media\/8599"}],"wp:attachment":[{"href":"https:\/\/www.motorjournal.cz\/en\/wp-json\/wp\/v2\/media?parent=8598"}],"wp:term":[{"taxonomy":"product_brand","embeddable":true,"href":"https:\/\/www.motorjournal.cz\/en\/wp-json\/wp\/v2\/product_brand?post=8598"},{"taxonomy":"product_cat","embeddable":true,"href":"https:\/\/www.motorjournal.cz\/en\/wp-json\/wp\/v2\/product_cat?post=8598"},{"taxonomy":"product_tag","embeddable":true,"href":"https:\/\/www.motorjournal.cz\/en\/wp-json\/wp\/v2\/product_tag?post=8598"}],"curies":[{"name":"wp","href":"https:\/\/api.w.org\/{rel}","templated":true}]}}