{"id":8823,"date":"2019-03-11T18:53:02","date_gmt":"2019-03-11T17:53:02","guid":{"rendered":"http:\/\/www.motorjournal.cz\/?post_type=product&#038;p=8823"},"modified":"2025-11-04T15:25:38","modified_gmt":"2025-11-04T14:25:38","slug":"zeichen-der-zeit-signs-of-the-times","status":"publish","type":"product","link":"https:\/\/www.motorjournal.cz\/en\/product\/zeichen-der-zeit-signs-of-the-times\/","title":{"rendered":"Zeichen der Zeit \u2013 Signs of the Times"},"content":{"rendered":"<p id=\"title\"><span id=\"productTitle\">The development of the Opel brand image from Adam Opel&#039;s initials in top-notch graphic design. An indispensable book for Opel lovers.<br \/>\n<\/span><\/p>\n<p>Year of publication: 1991<br \/>\nPublisher: S\u00e4ntis<\/p>\n<p>Binding: hardcover with dust jacket in cardboard box<br \/>\nFormat: 235 x 305 mm<br \/>\nNumber of pages: 195<br \/>\nCondition: very good<\/p>","protected":false},"excerpt":{"rendered":"<p>autor: Hans-Henner Hoffmann a&nbsp;Drahu Kohout<\/p>\n<p>Velk\u00e1 kniha o&nbsp;vzniku a&nbsp;v\u00fdvoji Opelu a&nbsp;zna\u010dky, bohat\u011b ilustrovan\u00e1, n\u011bmecky\/anglicky.<\/p>","protected":false},"featured_media":8824,"template":"","meta":{"kt_blocks_editor_width":"","_kad_blocks_custom_css":"","_kad_blocks_head_custom_js":"","_kad_blocks_body_custom_js":"","_kad_blocks_footer_custom_js":""},"product_brand":[],"product_cat":[317,347],"product_tag":[352,356],"class_list":{"0":"post-8823","1":"product","2":"type-product","3":"status-publish","4":"has-post-thumbnail","6":"product_cat-antikvariat","7":"product_cat-antikvariat-knihy","8":"product_tag-automobily","9":"product_tag-opel","11":"first","12":"instock","13":"sale","14":"taxable","15":"shipping-taxable","16":"purchasable","17":"product-type-simple"},"supplier_id":null,"supplier_sku":"","barcode":null,"atum_controlled":false,"out_stock_date":null,"out_stock_threshold":null,"inheritable":false,"inbound_stock":0,"stock_on_hold":0,"sold_today":0,"sales_last_days":0,"reserved_stock":0,"customer_returns":0,"warehouse_damage":0,"lost_in_post":0,"other_logs":0,"out_stock_days":0,"lost_sales":0,"has_location":false,"update_date":"2026-04-04T00:06:45","atum_locations":[],"atum_stock_status":"instock","restock_status":false,"low_stock_amount":"","sales_update_date":"2026-04-04T00:06:45","calc_backorders":null,"aioseo_notices":[],"taxonomy_info":{"product_cat":[{"value":317,"label":"Antikvari\u00e1t"},{"value":347,"label":"Antikvari\u00e1t knihy"}],"product_tag":[{"value":352,"label":"Automobily"},{"value":356,"label":"Opel"}]},"featured_image_src_large":["https:\/\/www.motorjournal.cz\/wp-content\/uploads\/2019\/03\/A0111_zeichenderzeit-813x1024.jpg",813,1024,true],"author_info":[],"comment_info":"","_links":{"self":[{"href":"https:\/\/www.motorjournal.cz\/en\/wp-json\/wp\/v2\/product\/8823","targetHints":{"allow":["GET"]}}],"collection":[{"href":"https:\/\/www.motorjournal.cz\/en\/wp-json\/wp\/v2\/product"}],"about":[{"href":"https:\/\/www.motorjournal.cz\/en\/wp-json\/wp\/v2\/types\/product"}],"wp:featuredmedia":[{"embeddable":true,"href":"https:\/\/www.motorjournal.cz\/en\/wp-json\/wp\/v2\/media\/8824"}],"wp:attachment":[{"href":"https:\/\/www.motorjournal.cz\/en\/wp-json\/wp\/v2\/media?parent=8823"}],"wp:term":[{"taxonomy":"product_brand","embeddable":true,"href":"https:\/\/www.motorjournal.cz\/en\/wp-json\/wp\/v2\/product_brand?post=8823"},{"taxonomy":"product_cat","embeddable":true,"href":"https:\/\/www.motorjournal.cz\/en\/wp-json\/wp\/v2\/product_cat?post=8823"},{"taxonomy":"product_tag","embeddable":true,"href":"https:\/\/www.motorjournal.cz\/en\/wp-json\/wp\/v2\/product_tag?post=8823"}],"curies":[{"name":"wp","href":"https:\/\/api.w.org\/{rel}","templated":true}]}}