{"id":9085,"date":"2019-03-26T16:23:25","date_gmt":"2019-03-26T15:23:25","guid":{"rendered":"http:\/\/www.motorjournal.cz\/?post_type=product&#038;p=9085"},"modified":"2025-11-04T15:25:38","modified_gmt":"2025-11-04T14:25:38","slug":"avtomobil","status":"publish","type":"product","link":"https:\/\/www.motorjournal.cz\/en\/product\/avtomobil\/","title":{"rendered":"Automobile"},"content":{"rendered":"<p><span class=\"end_text et_73581\">A unique collection of 54 black and white photographs of Soviet-made cars. Includes commercial vehicles, trucks, passenger cars, off-road vehicles, and sports cars. On the back of each photo <\/span><span class=\"end_text et_73581\">The 9\u00d714 cm format has a Cyrillic inscription. The set is probably part of a larger set, the albums for sale are marked as the second, fifth, sixth and seventh.<\/span><\/p>\n<p>Year of publication: 1986<br \/>\nPublisher: Planeta<br \/>\nBinding: loose photos in the cover<br \/>\nFormat: 150 x 100 mm<br \/>\nNumber of pages:<br \/>\nCondition: very good<\/p>","protected":false},"excerpt":{"rendered":"<p>RARITY!!!<\/p>","protected":false},"featured_media":9086,"template":"","meta":{"kt_blocks_editor_width":"","_kad_blocks_custom_css":"","_kad_blocks_head_custom_js":"","_kad_blocks_body_custom_js":"","_kad_blocks_footer_custom_js":""},"product_brand":[],"product_cat":[317,349],"product_tag":[221,352,361,383,229],"class_list":{"0":"post-9085","1":"product","2":"type-product","3":"status-publish","4":"has-post-thumbnail","6":"product_cat-antikvariat","7":"product_cat-antikvariat-prospekty","8":"product_tag-autobusy","9":"product_tag-automobily","10":"product_tag-nakladni-automobily","11":"product_tag-sovetske-automobily","12":"product_tag-zavody","14":"first","15":"instock","16":"sale","17":"taxable","18":"shipping-taxable","19":"purchasable","20":"product-type-simple"},"supplier_id":null,"supplier_sku":"","barcode":null,"atum_controlled":false,"out_stock_date":null,"out_stock_threshold":null,"inheritable":false,"inbound_stock":0,"stock_on_hold":0,"sold_today":0,"sales_last_days":0,"reserved_stock":0,"customer_returns":0,"warehouse_damage":0,"lost_in_post":0,"other_logs":0,"out_stock_days":0,"lost_sales":0,"has_location":false,"update_date":"2026-04-04T00:06:35","atum_locations":[],"atum_stock_status":"instock","restock_status":false,"low_stock_amount":"","sales_update_date":"2026-04-04T00:06:35","calc_backorders":null,"aioseo_notices":[],"taxonomy_info":{"product_cat":[{"value":317,"label":"Antikvari\u00e1t"},{"value":349,"label":"Antikvari\u00e1t prospekty"}],"product_tag":[{"value":221,"label":"Autobusy"},{"value":352,"label":"Automobily"},{"value":361,"label":"N\u00e1kladn\u00ed automobily"},{"value":383,"label":"Sov\u011btsk\u00e9 automobily"},{"value":229,"label":"z\u00e1vody"}]},"featured_image_src_large":["https:\/\/www.motorjournal.cz\/wp-content\/uploads\/2019\/03\/A0145_avtomobil-e1553615917572.jpeg",555,400,false],"author_info":[],"comment_info":"","_links":{"self":[{"href":"https:\/\/www.motorjournal.cz\/en\/wp-json\/wp\/v2\/product\/9085","targetHints":{"allow":["GET"]}}],"collection":[{"href":"https:\/\/www.motorjournal.cz\/en\/wp-json\/wp\/v2\/product"}],"about":[{"href":"https:\/\/www.motorjournal.cz\/en\/wp-json\/wp\/v2\/types\/product"}],"wp:featuredmedia":[{"embeddable":true,"href":"https:\/\/www.motorjournal.cz\/en\/wp-json\/wp\/v2\/media\/9086"}],"wp:attachment":[{"href":"https:\/\/www.motorjournal.cz\/en\/wp-json\/wp\/v2\/media?parent=9085"}],"wp:term":[{"taxonomy":"product_brand","embeddable":true,"href":"https:\/\/www.motorjournal.cz\/en\/wp-json\/wp\/v2\/product_brand?post=9085"},{"taxonomy":"product_cat","embeddable":true,"href":"https:\/\/www.motorjournal.cz\/en\/wp-json\/wp\/v2\/product_cat?post=9085"},{"taxonomy":"product_tag","embeddable":true,"href":"https:\/\/www.motorjournal.cz\/en\/wp-json\/wp\/v2\/product_tag?post=9085"}],"curies":[{"name":"wp","href":"https:\/\/api.w.org\/{rel}","templated":true}]}}