{"id":9296,"date":"2019-04-03T13:49:06","date_gmt":"2019-04-03T12:49:06","guid":{"rendered":"http:\/\/www.motorjournal.cz\/?post_type=product&#038;p=9296"},"modified":"2025-11-04T15:25:38","modified_gmt":"2025-11-04T14:25:38","slug":"vw-kafer-ab-1968","status":"publish","type":"product","link":"https:\/\/www.motorjournal.cz\/en\/product\/vw-kafer-ab-1968\/","title":{"rendered":"VW Beetle from 1968"},"content":{"rendered":"<p><span class=\"end_text et_73581\">Manu\u00e1l pro opravu automobil\u016f Volkswagen brouk vyroben\u00fdch po&nbsp;roce 1968. Obsahuje kompletn\u00ed popis prac\u00ed pro modely 1200, 1300, 1500, 1600, 1302, 1302S, 1303, 1303S,\u00a0 Karman-Ghia a&nbsp;181.<br \/>\n<\/span><\/p>\n<p>Year of release:<br \/>\nNakladatel: Bucheli Verlag<br \/>\nBinding: paperback<br \/>\nForm\u00e1t: 210 x 280 mm<br \/>\nPo\u010det stran: 160<br \/>\nCondition: very good<\/p>","protected":false},"excerpt":{"rendered":"<p>&nbsp;<\/p>\n<p>&nbsp;<\/p>","protected":false},"featured_media":9297,"template":"","meta":{"kt_blocks_editor_width":"","_kad_blocks_custom_css":"","_kad_blocks_head_custom_js":"","_kad_blocks_body_custom_js":"","_kad_blocks_footer_custom_js":""},"product_brand":[],"product_cat":[317,365],"product_tag":[352,396,378,371],"class_list":{"0":"post-9296","1":"product","2":"type-product","3":"status-publish","4":"has-post-thumbnail","6":"product_cat-antikvariat","7":"product_cat-antikvariat-manualy-seznamy-nahradnich-dilu","8":"product_tag-automobily","9":"product_tag-brouk","10":"product_tag-ucebnice","11":"product_tag-volkswagen","13":"first","14":"instock","15":"sale","16":"taxable","17":"shipping-taxable","18":"purchasable","19":"product-type-simple"},"supplier_id":null,"supplier_sku":"","barcode":null,"atum_controlled":false,"out_stock_date":null,"out_stock_threshold":null,"inheritable":false,"inbound_stock":0,"stock_on_hold":0,"sold_today":0,"sales_last_days":0,"reserved_stock":0,"customer_returns":0,"warehouse_damage":0,"lost_in_post":0,"other_logs":0,"out_stock_days":0,"lost_sales":0,"has_location":false,"update_date":"2026-04-04T00:06:40","atum_locations":[],"atum_stock_status":"instock","restock_status":false,"low_stock_amount":"","sales_update_date":"2026-04-04T00:06:40","calc_backorders":null,"aioseo_notices":[],"taxonomy_info":{"product_cat":[{"value":317,"label":"Antikvari\u00e1t"},{"value":365,"label":"Antikvari\u00e1t manu\u00e1ly, seznamy n\u00e1hradn\u00edch d\u00edl\u016f"}],"product_tag":[{"value":352,"label":"Automobily"},{"value":396,"label":"brouk"},{"value":378,"label":"u\u010debnice"},{"value":371,"label":"Volkswagen"}]},"featured_image_src_large":["https:\/\/www.motorjournal.cz\/wp-content\/uploads\/2019\/04\/A0167_vwkafer.jpg",400,530,false],"author_info":[],"comment_info":"","_links":{"self":[{"href":"https:\/\/www.motorjournal.cz\/en\/wp-json\/wp\/v2\/product\/9296","targetHints":{"allow":["GET"]}}],"collection":[{"href":"https:\/\/www.motorjournal.cz\/en\/wp-json\/wp\/v2\/product"}],"about":[{"href":"https:\/\/www.motorjournal.cz\/en\/wp-json\/wp\/v2\/types\/product"}],"wp:featuredmedia":[{"embeddable":true,"href":"https:\/\/www.motorjournal.cz\/en\/wp-json\/wp\/v2\/media\/9297"}],"wp:attachment":[{"href":"https:\/\/www.motorjournal.cz\/en\/wp-json\/wp\/v2\/media?parent=9296"}],"wp:term":[{"taxonomy":"product_brand","embeddable":true,"href":"https:\/\/www.motorjournal.cz\/en\/wp-json\/wp\/v2\/product_brand?post=9296"},{"taxonomy":"product_cat","embeddable":true,"href":"https:\/\/www.motorjournal.cz\/en\/wp-json\/wp\/v2\/product_cat?post=9296"},{"taxonomy":"product_tag","embeddable":true,"href":"https:\/\/www.motorjournal.cz\/en\/wp-json\/wp\/v2\/product_tag?post=9296"}],"curies":[{"name":"wp","href":"https:\/\/api.w.org\/{rel}","templated":true}]}}