{"id":9524,"date":"2019-04-10T18:54:13","date_gmt":"2019-04-10T17:54:13","guid":{"rendered":"http:\/\/www.motorjournal.cz\/?post_type=product&#038;p=9524"},"modified":"2025-11-16T08:29:35","modified_gmt":"2025-11-16T07:29:35","slug":"skicak","status":"publish","type":"product","link":"https:\/\/www.motorjournal.cz\/en\/product\/skicak\/","title":{"rendered":"Sketchbook \u2013 V\u00e1clav Zapadl\u00edk"},"content":{"rendered":"<p>With this publication, we would like to introduce to all lovers of the work of Maestro V\u00e1clav Zapadl\u00edk a little-known, but in its own way extremely interesting part of the work of this genius of drawing and painting of historic cars. Here you will find not only sketches, sketches, drawings of cars or their parts, but also pictures of jazzmen or drawings of naked women with seductive curves. Thanks to this composition of unknown pictures, we have come to the conviction that this distinctive, nostalgically magical part of his work must also be presented to the general public and especially to all fans and admirers of the world of historic vehicles.<\/p>\n<p>Reprom Publishing House, paperback, format 29 x 21 cm, 192 pages.<\/p>\n<p>EAN 8594171320200.<\/p>","protected":false},"excerpt":{"rendered":"<p>With this publication, we would like to introduce to all lovers of the work of Maestro V\u00e1clav Zapadl\u00edk a little-known, but in its own way extremely interesting part of the work of this genius of drawing and painting of historic cars. Here you will find not only sketches, sketches, drawings of cars or their parts, but also pictures of jazzmen or drawings of naked women with seductive curves. Thanks to this composition of unknown pictures, we have come to the conviction that this distinctive, nostalgically magical part of his work must also be presented to the general public and especially to all fans and admirers of the world of historic vehicles.<\/p>","protected":false},"featured_media":9583,"template":"","meta":{"kt_blocks_editor_width":"","_kad_blocks_custom_css":"","_kad_blocks_head_custom_js":"","_kad_blocks_body_custom_js":"","_kad_blocks_footer_custom_js":""},"product_brand":[],"product_cat":[161,179,178],"product_tag":[235,194],"class_list":{"0":"post-9524","1":"product","2":"type-product","3":"status-publish","4":"has-post-thumbnail","6":"product_cat-knihy","7":"product_cat-motorismus-a-umeni","8":"product_cat-osobnosti","9":"product_tag-karoserie","10":"product_tag-zapadlik","12":"first","13":"instock","14":"sale","15":"taxable","16":"shipping-taxable","17":"purchasable","18":"product-type-simple"},"supplier_id":null,"supplier_sku":"","barcode":null,"atum_controlled":true,"out_stock_date":null,"out_stock_threshold":null,"inheritable":false,"inbound_stock":0,"stock_on_hold":0,"sold_today":0,"sales_last_days":0,"reserved_stock":0,"customer_returns":0,"warehouse_damage":0,"lost_in_post":0,"other_logs":0,"out_stock_days":0,"lost_sales":0,"has_location":false,"update_date":"2026-04-05T00:06:52","atum_locations":[],"atum_stock_status":"instock","restock_status":false,"low_stock_amount":"","sales_update_date":"2026-04-05T00:06:52","calc_backorders":null,"aioseo_notices":[],"taxonomy_info":{"product_cat":[{"value":161,"label":"Knihy"},{"value":179,"label":"Motorismus a um\u011bn\u00ed"},{"value":178,"label":"Osobnosti"}],"product_tag":[{"value":235,"label":"karoserie"},{"value":194,"label":"Zapadl\u00edk"}]},"featured_image_src_large":["https:\/\/www.motorjournal.cz\/wp-content\/uploads\/2019\/04\/Zapadlik-skicak-001-1024x771.jpg",1024,771,true],"author_info":[],"comment_info":"","_links":{"self":[{"href":"https:\/\/www.motorjournal.cz\/en\/wp-json\/wp\/v2\/product\/9524","targetHints":{"allow":["GET"]}}],"collection":[{"href":"https:\/\/www.motorjournal.cz\/en\/wp-json\/wp\/v2\/product"}],"about":[{"href":"https:\/\/www.motorjournal.cz\/en\/wp-json\/wp\/v2\/types\/product"}],"wp:featuredmedia":[{"embeddable":true,"href":"https:\/\/www.motorjournal.cz\/en\/wp-json\/wp\/v2\/media\/9583"}],"wp:attachment":[{"href":"https:\/\/www.motorjournal.cz\/en\/wp-json\/wp\/v2\/media?parent=9524"}],"wp:term":[{"taxonomy":"product_brand","embeddable":true,"href":"https:\/\/www.motorjournal.cz\/en\/wp-json\/wp\/v2\/product_brand?post=9524"},{"taxonomy":"product_cat","embeddable":true,"href":"https:\/\/www.motorjournal.cz\/en\/wp-json\/wp\/v2\/product_cat?post=9524"},{"taxonomy":"product_tag","embeddable":true,"href":"https:\/\/www.motorjournal.cz\/en\/wp-json\/wp\/v2\/product_tag?post=9524"}],"curies":[{"name":"wp","href":"https:\/\/api.w.org\/{rel}","templated":true}]}}